{"id":841,"date":"2021-08-23T14:19:35","date_gmt":"2021-08-23T12:19:35","guid":{"rendered":"https:\/\/www.christinaprieth.com\/product\/camel-dress\/"},"modified":"2024-01-18T17:37:24","modified_gmt":"2024-01-18T16:37:24","slug":"camel-dress","status":"publish","type":"product","link":"https:\/\/www.christinaprieth.com\/fr\/produit\/camel-dress\/","title":{"rendered":"CAMEL DRESS"},"content":{"rendered":"<p>Robe courte confortable en coton \u00e9lastique couleur beige, avec pinces (devant et dos)<\/p>\n<p>Sans manches.<\/p>\n<p>Ajust\u00e9 au corps.<\/p>\n<p>Broderies \u00e0 la main sur le col de la robe.<\/p>\n<p>Dentelle lurex Broderie \u00e0 la main avec des ornements de perles et de cristaux sur le devant de la robe, formant des vagues et cr\u00e9ant un volume tr\u00e8s \u00e9l\u00e9gant.<\/p>\n<p>Col rond.<\/p>\n<p>Doublure noire en tulle \u00e9lastique.<\/p>\n<p>Fermeture \u00e9clair invisible au dos.<\/p>\n<hr \/>\n<p>INFORMATIONS D&#8217;ENTRETIEN\u00a0:<\/p>\n<p>Tissu: Coton 50% EA 50%<\/p>\n<p>Doublure en coton 50% EA 50%<\/p>\n<p>Lavage \u00e0 la main uniquement, Lavage \u00e0 la main \u00e0 froid, Ne pas s\u00e9cher au s\u00e8che-linge, Convient au nettoyage \u00e0 sec, Repasser \u00e0 basse temp\u00e9rature, Ne pas blanchir. Lavez les tissus color\u00e9s s\u00e9par\u00e9ment avec une petite quantit\u00e9 de d\u00e9tergent \u00e0 lessive.<\/p>\n<hr \/>\n<p>&nbsp;<\/p>\n<p>&nbsp;<\/p>\n<p>Le mannequin porte un S<\/p>\n<p>&nbsp;<\/p>\n<p>Ce mod\u00e8le est disponible en\u00a0: \u00a0 S\/36 \u00a0M\/38 \u00a0 L\/40<\/p>\n<hr \/>\n<p><strong>Guide des tailles\u00a0<\/strong><\/p>\n<p><strong>\u00a0 \u00a0 \u00a0 \u00a0 \u00a0 XS\/34 \u00a0 S\/36 \u00a0\u00a0M\/38 \u00a0 L\/40 \u00a0 XL\/42<\/strong><\/p>\n<p><strong>Bust<\/strong> \u00a0 \u00a0 80 \u00a0 \u00a0 \u00a0 \u00a0 84 \u00a0 \u00a0 \u00a0 \u00a088 \u00a0 \u00a0 \u00a0 \u00a0 \u00a092 \u00a0 \u00a0 \u00a0 \u00a0 \u00a0 96 \u200b<\/p>\n<p><strong>Waist<\/strong> \u00a0 62 \u00a0 \u00a0 \u00a0 \u00a0 66 \u00a0 \u00a0 \u00a0 \u00a0 70 \u00a0 \u00a0 \u00a0 \u00a0 \u00a074 \u00a0 \u00a0 \u00a0 \u00a0 \u00a0 78 \u200b<\/p>\n<p><strong>Hip<\/strong> \u00a0 \u00a0 \u00a0 86 \u00a0 \u00a0 \u00a0 \u00a0 90 \u00a0 \u00a0 \u00a0 \u00a094 \u00a0 \u00a0 \u00a0 \u00a0 \u00a098 \u00a0 \u00a0 \u00a0 \u00a0 \u00a0 102<\/p>\n<p>&nbsp;<\/p>\n<p><img loading=\"lazy\" decoding=\"async\" class=\"alignnone size-full wp-image-277\" src=\"https:\/\/www.christinaprieth.com\/wp-content\/uploads\/2019\/04\/electric-blue-dress-01-02-02.jpg\" alt=\"\" width=\"233\" height=\"271\" \/><\/p>\n<p>&nbsp;<\/p>\n<p><strong>TAILLE &amp; COUPE<\/strong><br \/>\nCe mod\u00e8le taille normalement.<br \/>\nNous vous conseillons de prendre votre taille habituelle.<br \/>\nPour plus d&#8217;informations, veuillez consulter le guide des tailles.<\/p>\n<p>Comment prendre vos mensurations ?<\/p>\n<p>A. TOUR DE POITRINE<\/p>\n<p>Pour mesurer votre tour de poitrine, placez le m\u00e8tre ruban au point le plus large de votre poitrine sous vos bras.<\/p>\n<p>B. TOUR DE TAILLE<\/p>\n<p>Pour mesurer votre tour de taille, placez le ruban \u00e0 mesurer au point le plus \u00e9troit de votre nombril.<\/p>\n<p>C. CERCLE HANCHE<\/p>\n<p>Pour mesurer votre tour de hanches, placez le m\u00e8tre ruban au point le plus large de votre bassin.<\/p>\n<p><strong>INFORMATIONS D&#8217;ENTRETIEN\u00a0:<\/strong><\/p>\n<p>Tissu: Coton 50% EA 50%<\/p>\n<p>Doublure en coton 50% EA 50%<\/p>\n<p>Lavage \u00e0 la main uniquement, Lavage \u00e0 la main \u00e0 froid, Ne pas s\u00e9cher au s\u00e8che-linge, Convient au nettoyage \u00e0 sec, Repasser \u00e0 basse temp\u00e9rature, Ne pas blanchir. Lavez les tissus color\u00e9s s\u00e9par\u00e9ment avec une petite quantit\u00e9 de d\u00e9tergent \u00e0 lessive.<\/p>\n<p>TAILLE &amp; COUPE<br \/>\nCe mod\u00e8le taille normalement.<br \/>\nNous vous conseillons de prendre votre taille habituelle.<br \/>\nPour plus d&#8217;informations, veuillez consulter le guide des tailles.<\/p>\n<p><strong>LIVRAISON<\/strong><br \/>\nTrois options de livraison rapide et s\u00e9curis\u00e9e sont disponibles :<\/p>\n<p>-Livraison standard avec Colissimo\/DHL\/UPS<br \/>\n-Livraison express avec Colissimo\/DHL\/\/UPS<br \/>\n-Service de point de retrait<\/p>\n<p>D\u00e9lai de livraison en Broderie Robe \u00e0 la main : 7 \u00e0 14 jours ouvr\u00e9s \u00e0 compter du lendemain de la passation de la commande par l&#8217;acheteur.<\/p>\n<p><strong>RETOUR OU ECHANGE<\/strong><br \/>\nUne option de retour ou d&#8217;\u00e9change est disponible dans les 14 jours \u00e0 compter de la date de r\u00e9ception de votre commande.<br \/>\nPour plus d&#8217;informations, veuillez consulter nos Termes et Conditions \u00e0 &#8220;Livraisons et retours&#8221;<\/p>\n<h1 class=\"feature-header cc-animate-init feature-header--visible -in cc-animate-complete\"><\/h1>\n<p>&nbsp;<\/p>\n<p>&nbsp;<\/p>\n<p>&nbsp;<\/p>\n","protected":false},"excerpt":{"rendered":"<p><strong>Robe courte \u00e9lastique confortable en coton \u00e9lastique couleur beige, avec pinces (devant et dos), dentelle Lurex Broderie \u00e0 la main avec des embellissements de perles et de cristaux sur le devant de la robe, formant des vagues et cr\u00e9ant un volume tr\u00e8s \u00e9l\u00e9gant.<\/strong><\/p>\n<p><strong>\u00c9CONOMIE \u00c9QUITABLE<\/strong><\/p>\n<p><strong>Christina Prieth produit \u00e0 partir de tissus inutilis\u00e9s, nous r\u00e9utilisons des stocks, appel\u00e9s \u00abstocks morts\u00bb, afin de minimiser l&#8217;\u00e9norme fardeau environnemental li\u00e9 \u00e0 la cr\u00e9ation de nouveaux tissus. Christina Prieth produit localement pour r\u00e9duire les co\u00fbts de transport, moins de pollution et contribuer \u00e0 l&#8217;\u00e9conomie locale.<\/strong><\/p>\n","protected":false},"featured_media":686,"comment_status":"closed","ping_status":"closed","template":"","meta":[],"product_cat":[35,59],"product_tag":[],"class_list":{"0":"post-841","1":"product","2":"type-product","3":"status-publish","4":"has-post-thumbnail","6":"product_cat-collection-couture","7":"product_cat-dress-1-fr","9":"first","10":"instock","11":"taxable","12":"shipping-taxable","13":"purchasable","14":"product-type-variable"},"_links":{"self":[{"href":"https:\/\/www.christinaprieth.com\/fr\/wp-json\/wp\/v2\/product\/841"}],"collection":[{"href":"https:\/\/www.christinaprieth.com\/fr\/wp-json\/wp\/v2\/product"}],"about":[{"href":"https:\/\/www.christinaprieth.com\/fr\/wp-json\/wp\/v2\/types\/product"}],"replies":[{"embeddable":true,"href":"https:\/\/www.christinaprieth.com\/fr\/wp-json\/wp\/v2\/comments?post=841"}],"wp:featuredmedia":[{"embeddable":true,"href":"https:\/\/www.christinaprieth.com\/fr\/wp-json\/wp\/v2\/media\/686"}],"wp:attachment":[{"href":"https:\/\/www.christinaprieth.com\/fr\/wp-json\/wp\/v2\/media?parent=841"}],"wp:term":[{"taxonomy":"product_cat","embeddable":true,"href":"https:\/\/www.christinaprieth.com\/fr\/wp-json\/wp\/v2\/product_cat?post=841"},{"taxonomy":"product_tag","embeddable":true,"href":"https:\/\/www.christinaprieth.com\/fr\/wp-json\/wp\/v2\/product_tag?post=841"}],"curies":[{"name":"wp","href":"https:\/\/api.w.org\/{rel}","templated":true}]}}