{"id":825,"date":"2021-08-27T14:19:35","date_gmt":"2021-08-27T12:19:35","guid":{"rendered":"https:\/\/www.christinaprieth.com\/product\/prieth-dress\/"},"modified":"2024-01-18T16:54:47","modified_gmt":"2024-01-18T15:54:47","slug":"prieth-dress","status":"publish","type":"product","link":"https:\/\/www.christinaprieth.com\/fr\/produit\/prieth-dress\/","title":{"rendered":"PRIETH DRESS"},"content":{"rendered":"<p><strong>Christina Prieth produces from unused fabrics, we reuse stock, called &#8220;dead stock&#8221;, to minimise the huge environmental burden of creating new fabrics. Christina Prieth produces locally to reduce transport costs, less pollution and to contribute to the local economy.<\/strong><\/p>\n<p>Short Light pink dress plain gold foil off , elegant, comfortable, soft feel, slightly flared with cutouts.<\/p>\n<p>No \u00ac\u2020Zipper.<\/p>\n<p>Round neck.<\/p>\n<p>Butterfly sleeves above the elbow.<\/p>\n<p>Lining in pale pink.<\/p>\n<p>_________________________________________________<\/p>\n<p>SIZE &amp; CUT<br \/>\nThis model fits normally.<br \/>\nWe advise you to take your usual size.<br \/>\nFor more information, please consult the size guide.<\/p>\n<p>DELIVERY<br \/>\nThree fast and secure delivery options are available:<\/p>\n<p>Standard delivery with Colissimo\/ DHL<br \/>\nExpress delivery with Colissimo\/ DHL<br \/>\nDelivery Drop Off Service<\/p>\n<p>Delivery time: 3 to 5 working days from the day after the buyer places the order.<\/p>\n<p>RETURN OR EXCHANGE<br \/>\nA return or exchange option is available within 14 days from the date of receipt of your order.<br \/>\nFor more information, please consult our Terms and Conditions.<\/p>\n<p><em><strong>Model is wearing a S<\/strong><\/em><\/p>\n<p>&nbsp;<\/p>\n<p><strong>This modele available in: \u00ac\u2020 S\/36 \u00ac\u2020M\/38 \u00ac\u2020 L\/40<\/strong><\/p>\n<hr \/>\n<p>Robe courte rose clair unie feuille d&#8217;or, \u00e9l\u00e9gante, confortable, toucher doux, l\u00e9g\u00e8rement \u00e9vas\u00e9e avec d\u00e9coupes.<\/p>\n<p>Pas de fermeture \u00e9clair.<\/p>\n<p>Col rond.<\/p>\n<p>Manches papillon au dessus du coude.<\/p>\n<p>Doublure rose p\u00e2le.<\/p>\n<p>_________________________________________________<\/p>\n<p>Le mannequin porte un S<\/p>\n<p>&nbsp;<\/p>\n<p>C<strong>e mod\u00e8le est disponible en : S\/36 M\/38 L\/40<\/strong><\/p>\n<hr \/>\n<hr \/>\n<p><span style=\"color: #000000;\"><strong>Size\u00a0Guide \u00a0<\/strong><\/span><\/p>\n<p><strong>\u00a0 \u00a0 \u00a0 \u00a0 \u00a0 XS\/34 \u00a0 S\/36 \u00a0\u00a0M\/38 \u00a0 L\/40 \u00a0 XL\/42<\/strong><\/p>\n<p><strong> Bust<\/strong> \u00a0 \u00a0 80 \u00a0 \u00a0 \u00a0 \u00a0 84 \u00a0 \u00a0 \u00a0 \u00a088 \u00a0 \u00a0 \u00a0 \u00a0 \u00a092 \u00a0 \u00a0 \u00a0 \u00a0 \u00a0 96 \u200b<\/p>\n<p><strong> Waist<\/strong> \u00a0 62 \u00a0 \u00a0 \u00a0 \u00a0 66 \u00a0 \u00a0 \u00a0 \u00a0 70 \u00a0 \u00a0 \u00a0 \u00a0 \u00a074 \u00a0 \u00a0 \u00a0 \u00a0 \u00a0 78 \u200b<\/p>\n<p><strong>Hip<\/strong> \u00a0 \u00a0 \u00a0 86 \u00a0 \u00a0 \u00a0 \u00a0 90 \u00a0 \u00a0 \u00a0 \u00a094 \u00a0 \u00a0 \u00a0 \u00a0 \u00a098 \u00a0 \u00a0 \u00a0 \u00a0 \u00a0 102<\/p>\n<p>&nbsp;<\/p>\n<p><img loading=\"lazy\" decoding=\"async\" class=\"alignnone size-full wp-image-278\" src=\"https:\/\/www.christinaprieth.com\/wp-content\/uploads\/2019\/04\/electric-blue-dress-01-02-02.jpg\" alt=\"\" width=\"233\" height=\"271\" \/><\/p>\n<p>&nbsp;<\/p>\n<p>TAILLE<br \/>\nCe mod\u00e8le taille normalement.<br \/>\nNous vous conseillons de prendre votre taille habituelle.<br \/>\nPour plus d&#8217;informations, veuillez consulter le guide des tailles.<\/p>\n<p>LIVRAISON<br \/>\nTrois options de livraison rapide et s\u00e9curis\u00e9e sont disponibles :<\/p>\n<p>Livraison standard avec Colissimo\/DHL\/UPS<br \/>\nLivraison Express avec Colissimo\/DHL\/UPS<br \/>\nOption service de point de retrait<\/p>\n<p>D\u00e9lai de livraison : 3 \u00e0 5 jours ouvr\u00e9s \u00e0 compter du lendemain de la passation de la commande par l&#8217;acheteur.<\/p>\n<p>RETOUR OU ECHANGE<br \/>\nUne option de retour ou d&#8217;\u00e9change est disponible dans les 14 jours \u00e0 compter de la date de r\u00e9ception de votre commande.<br \/>\nPour plus d&#8217;informations, veuillez consulter nos Termes et Conditions.<\/p>\n<p>&nbsp;<\/p>\n<p>&nbsp;<\/p>\n","protected":false},"excerpt":{"rendered":"<p><strong>Belle et \u00e9l\u00e9gante robe,unie feuille d&#8217;or , l\u00e9g\u00e8rement \u00e9vas\u00e9e avec d\u00e9coupes et manches papillon.<\/strong><\/p>\n<p><strong>2 coloris : Rose p\u00e2le et Gold foil off<\/strong><\/p>\n<p><strong>Christina Prieth produit \u00e0 partir de tissus inutilis\u00e9s, nous r\u00e9utilisons le stock, appel\u00e9 &#8220;stock mort&#8221;, afin de minimiser l&#8217;\u00e9norme fardeau environnemental li\u00e9 \u00e0 la cr\u00e9ation de nouveaux tissus. Christina Prieth produit localement pour r\u00e9duire les co\u00fbts de transport, moins de pollution et contribuer \u00e0 l&#8217;\u00e9conomie locale.<\/strong><\/p>\n<p>&nbsp;<\/p>\n","protected":false},"featured_media":713,"comment_status":"closed","ping_status":"closed","template":"","meta":[],"product_cat":[64],"product_tag":[],"class_list":{"0":"post-825","1":"product","2":"type-product","3":"status-publish","4":"has-post-thumbnail","6":"product_cat-dress-fr","8":"first","9":"instock","10":"taxable","11":"shipping-taxable","12":"purchasable","13":"product-type-variable"},"_links":{"self":[{"href":"https:\/\/www.christinaprieth.com\/fr\/wp-json\/wp\/v2\/product\/825"}],"collection":[{"href":"https:\/\/www.christinaprieth.com\/fr\/wp-json\/wp\/v2\/product"}],"about":[{"href":"https:\/\/www.christinaprieth.com\/fr\/wp-json\/wp\/v2\/types\/product"}],"replies":[{"embeddable":true,"href":"https:\/\/www.christinaprieth.com\/fr\/wp-json\/wp\/v2\/comments?post=825"}],"wp:featuredmedia":[{"embeddable":true,"href":"https:\/\/www.christinaprieth.com\/fr\/wp-json\/wp\/v2\/media\/713"}],"wp:attachment":[{"href":"https:\/\/www.christinaprieth.com\/fr\/wp-json\/wp\/v2\/media?parent=825"}],"wp:term":[{"taxonomy":"product_cat","embeddable":true,"href":"https:\/\/www.christinaprieth.com\/fr\/wp-json\/wp\/v2\/product_cat?post=825"},{"taxonomy":"product_tag","embeddable":true,"href":"https:\/\/www.christinaprieth.com\/fr\/wp-json\/wp\/v2\/product_tag?post=825"}],"curies":[{"name":"wp","href":"https:\/\/api.w.org\/{rel}","templated":true}]}}