{"id":4798,"date":"2024-01-18T18:16:19","date_gmt":"2024-01-18T17:16:19","guid":{"rendered":"https:\/\/www.christinaprieth.com\/product\/petal-dress\/"},"modified":"2024-12-19T13:00:46","modified_gmt":"2024-12-19T12:00:46","slug":"petal-dress","status":"publish","type":"product","link":"https:\/\/www.christinaprieth.com\/fr\/produit\/petal-dress\/","title":{"rendered":"Petal Dress"},"content":{"rendered":"<p>Robe courte Rose clair en Satin de Soie, \u00e9l\u00e9gante, confortable, toucher doux, avec pinces.<\/p>\n<p>Pas de fermeture \u00e9clair.<\/p>\n<p>Col rond.<\/p>\n<p>Manches papillon au dessus du coude.<\/p>\n<p>Doublure en Satin Rose p\u00e2le.<\/p>\n<hr \/>\n<p>Le mannequin porte un S<\/p>\n<p>Disponible \u00a0en : S\/36 M\/38 L\/40<\/p>\n<hr \/>\n<p>&nbsp;<\/p>\n<p><strong>XS\/34 \u00a0 S\/36 \u00a0\u00a0M\/38 \u00a0 L\/40 \u00a0 XL\/42<\/strong><\/p>\n<p><strong> Bust<\/strong> \u00a0 \u00a0 80 \u00a0 \u00a0 \u00a0 \u00a0 84 \u00a0 \u00a0 \u00a0 \u00a088 \u00a0 \u00a0 \u00a0 \u00a092 \u00a0 \u00a0 \u00a0 \u00a096 \u200b<\/p>\n<p><strong> Waist<\/strong> \u00a0 62 \u00a0 \u00a0 \u00a0 \u00a0 66 \u00a0 \u00a0 \u00a0 \u00a0 70 \u00a0 \u00a0 \u00a0 \u00a074 \u00a0 \u00a0 \u00a0 \u00a0 78 \u200b<\/p>\n<p><strong>Hip<\/strong> \u00a0 \u00a0 \u00a0 86 \u00a0 \u00a0 \u00a0 \u00a0 90 \u00a0 \u00a0 \u00a0 \u00a094 \u00a0 \u00a0 \u00a0 \u00a098 \u00a0 \u00a0 \u00a0 \u00a0102<\/p>\n<hr \/>\n<p>&nbsp;<\/p>\n<p>&nbsp;<\/p>\n<p><img loading=\"lazy\" decoding=\"async\" class=\"alignnone size-full wp-image-278\" src=\"https:\/\/i0.wp.com\/www.christinaprieth.com\/wp-content\/uploads\/2019\/04\/electric-blue-dress-01-02-02.jpg?resize=233%2C271&amp;ssl=1\" alt=\"\" width=\"233\" height=\"271\" \/><\/p>\n<p>&nbsp;<\/p>\n<div class=\"qode-accordion-content ui-accordion-content ui-helper-reset ui-widget-content ui-corner-bottom ui-accordion-content-active\">\n<div class=\"qode-accordion-content-inner\">\n<div class=\"wpb_single_image wpb_content_element vc_align_center\">\n<div class=\"wpb_wrapper\">\n<div class=\"vc_single_image-wrapper vc_box_border_grey\"><\/div>\n<\/div>\n<\/div>\n<\/div>\n<\/div>\n<p><strong>Comment prendre vos mensurations ?<\/strong><\/p>\n<p>A. TOUR DE POITRINE<\/p>\n<p>Pour mesurer votre tour de poitrine, placez le m\u00e8tre ruban au point le plus large de votre poitrine sous vos bras.<\/p>\n<p>B. TOUR DE TAILLE<\/p>\n<p>Pour mesurer votre tour de taille, placez le ruban \u00e0 mesurer au point le plus \u00e9troit de votre nombril.<\/p>\n<p>C. CERCLE HANCHE<\/p>\n<p>Pour mesurer votre tour de hanches, placez le m\u00e8tre ruban au point le plus large de votre bassin.<\/p>\n<p><strong>COMPOSITION et SOINS<\/strong><\/p>\n<p>Tissu\u00a0: 100\u00a0% \u00a0Soie<\/p>\n<p>Doublure en Satin :coton 50% EA 50%,<\/p>\n<p>Lavage \u00e0 la main uniquement, Lavage \u00e0 la main \u00e0 froid, Ne pas s\u00e9cher au s\u00e8che-linge, Convient au nettoyage \u00e0 sec, Repasser \u00e0 basse temp\u00e9rature, Ne pas blanchir. Lavez les tissus color\u00e9s s\u00e9par\u00e9ment avec une petite quantit\u00e9 de d\u00e9tergent \u00e0 lessive.<\/p>\n<p><strong>TAILLE &amp; COUPE<\/strong><\/p>\n<p>Le mannequin porte un S<br \/>\nCe mod\u00e8le taille normalement.<br \/>\nNous vous conseillons de prendre votre taille habituelle.<br \/>\nPour plus d&#8217;informations, veuillez consulter le guide des tailles.<\/p>\n<p><strong>LIVRAISON<\/strong><br \/>\nTrois options de livraison rapide et s\u00e9curis\u00e9e sont disponibles :<\/p>\n<p>Livraison standard avec Colissimo\/DHL\/UPS<br \/>\nLivraison express avec Colissimo\/DHL\/UPS<br \/>\nService de livraison point de retrait<\/p>\n<p><strong>EXP\u00c9DITIONS<\/strong><\/p>\n<p>3 \u00e0 5 jours ouvr\u00e9s \u00e0 compter du lendemain de la commande par l&#8217;acheteur.<\/p>\n<p><strong>RETOUR OU ECHANGE<\/strong><br \/>\nUne option de retour ou d&#8217;\u00e9change est disponible dans les 14 jours \u00e0 compter de la date de r\u00e9ception de votre commande.<br \/>\nPour plus d&#8217;informations, veuillez consulter nos Termes et Conditions de Livraisons et Retours.<\/p>\n<p>&nbsp;<\/p>\n","protected":false},"excerpt":{"rendered":"<p><strong>Beautiful Short Light pink dress in Satin Silk , elegant, comfortable,a light fabric, soft feel, with dart.<\/strong><\/p>\n<p><strong>Robe Courte Rose Clair en Satin de Soie, \u00e9l\u00e9gante, confortable, un tissu l\u00e9ger et doux.<\/strong><\/p>\n<p><strong>\u00c9CONOMIE \u00c9QUITABLE<\/strong><\/p>\n<p><strong>Christina Prieth produit \u00e0 partir de tissus inutilis\u00e9s, nous r\u00e9utilisons le stock, appel\u00e9 &#8220;stock mort&#8221;, afin de minimiser l&#8217;\u00e9norme fardeau environnemental li\u00e9 \u00e0 la cr\u00e9ation de nouveaux tissus. Christina Prieth produit localement pour r\u00e9duire les co\u00fbts de transport, moins de pollution et contribuer \u00e0 l&#8217;\u00e9conomie locale.<\/strong><\/p>\n","protected":false},"featured_media":734,"comment_status":"closed","ping_status":"closed","template":"","meta":[],"product_cat":[64],"product_tag":[],"class_list":{"0":"post-4798","1":"product","2":"type-product","3":"status-publish","4":"has-post-thumbnail","6":"product_cat-dress-fr","8":"first","9":"instock","10":"taxable","11":"shipping-taxable","12":"purchasable","13":"product-type-variable"},"_links":{"self":[{"href":"https:\/\/www.christinaprieth.com\/fr\/wp-json\/wp\/v2\/product\/4798"}],"collection":[{"href":"https:\/\/www.christinaprieth.com\/fr\/wp-json\/wp\/v2\/product"}],"about":[{"href":"https:\/\/www.christinaprieth.com\/fr\/wp-json\/wp\/v2\/types\/product"}],"replies":[{"embeddable":true,"href":"https:\/\/www.christinaprieth.com\/fr\/wp-json\/wp\/v2\/comments?post=4798"}],"wp:featuredmedia":[{"embeddable":true,"href":"https:\/\/www.christinaprieth.com\/fr\/wp-json\/wp\/v2\/media\/734"}],"wp:attachment":[{"href":"https:\/\/www.christinaprieth.com\/fr\/wp-json\/wp\/v2\/media?parent=4798"}],"wp:term":[{"taxonomy":"product_cat","embeddable":true,"href":"https:\/\/www.christinaprieth.com\/fr\/wp-json\/wp\/v2\/product_cat?post=4798"},{"taxonomy":"product_tag","embeddable":true,"href":"https:\/\/www.christinaprieth.com\/fr\/wp-json\/wp\/v2\/product_tag?post=4798"}],"curies":[{"name":"wp","href":"https:\/\/api.w.org\/{rel}","templated":true}]}}