{"id":4783,"date":"2021-01-03T00:00:00","date_gmt":"2021-01-02T23:00:00","guid":{"rendered":"https:\/\/www.christinaprieth.com\/product\/vinyle-line-dress\/"},"modified":"2024-01-18T18:14:53","modified_gmt":"2024-01-18T17:14:53","slug":"vinyle-line-dress","status":"publish","type":"product","link":"https:\/\/www.christinaprieth.com\/fr\/produit\/vinyle-line-dress\/","title":{"rendered":"Vinyle Line Dress"},"content":{"rendered":"<p>Robe courte \u00e9vas\u00e9e \u00e0 manches papillon.<br \/>\nBandes de lurex noir et bleu associ\u00e9es \u00e0 du vynil noir cousues sur tulle \u00e9lastique noir.<br \/>\nCol roul\u00e9.<br \/>\nCouture anglaise.<br \/>\nFermeture \u00e9clair invisible au dos.<br \/>\nPas de doublure.<\/p>\n<hr \/>\n<div class=\"qode-accordion-content ui-accordion-content ui-helper-reset ui-widget-content ui-corner-bottom ui-accordion-content-active\">\n<div class=\"qode-accordion-content-inner\">\n<div class=\"wpb_single_image wpb_content_element vc_align_center\">\n<div class=\"wpb_wrapper\">\n<div class=\"vc_single_image-wrapper vc_box_border_grey\">\n<p><strong>COMPOSITION et SOIN<\/strong><\/p>\n<p>Lurex PES 100% \u00a0&#8211;\u00a0Tulle Polyamide 100% &#8211;\u00a0Vinyle PVC 100%<\/p>\n<p>Lavage \u00e0 la main uniquement, Lavage \u00e0 la main \u00e0 froid, Ne pas s\u00e9cher au s\u00e8che-linge, Convient au nettoyage \u00e0 sec, Repasser \u00e0 basse temp\u00e9rature, Ne pas blanchir. Lavez les tissus color\u00e9s s\u00e9par\u00e9ment avec une petite quantit\u00e9 de d\u00e9tergent \u00e0 lessive.<\/p>\n<hr \/>\n<hr \/>\n<p>Le mannequin porte un S<\/p>\n<p>Ce mod\u00e8le disponible en :<\/p>\n<p><strong>EU S\/36 \u00a0M\/38 \u00a0 L\/40<\/strong><\/p>\n<p><strong>US \u00a0 S\/4 \u00a0 \u00a0 M\/\u00a06 \u00a0 \u00a0 L\/10<\/strong><\/p>\n<p><strong>UK \u00a0 \u00a0S\/ 8 \u00a0\u00a0M\/10 \u00a0 \u00a0L\/14<\/strong><\/p>\n<hr \/>\n<hr \/>\n<p><strong>\u00a0Guide de taille \u00a0<\/strong><\/p>\n<p>&nbsp;<\/p>\n<p><strong>\u00a0 \u00a0 \u00a0 \u00a0 \u00a0 \u00a0 \u00a0 \u00a0 \u00a0 \u00a0 \u00a0 XS\/34 \u00a0 S\/36 \u00a0\u00a0M\/38 \u00a0 L\/40 \u00a0 XL\/42<\/strong><\/p>\n<p><strong>Poitrine<\/strong>\u00a0 \u00a0 \u00a0 \u00a0 \u00a0 80 \u00a0 \u00a0 \u00a0 \u00a0 84 \u00a0 \u00a0 \u00a0 \u00a088 \u00a0 \u00a0 \u00a0 \u00a0 \u00a092 \u00a0 \u00a0 \u00a0 \u00a0 \u00a0 96 \u200b<\/p>\n<p><strong>Taille<\/strong>\u00a0 \u00a0 \u00a0 \u00a0 \u00a0 \u00a0 \u00a0 \u00a0 62 \u00a0 \u00a0 \u00a0 \u00a0 66 \u00a0 \u00a0 \u00a0 \u00a0 70 \u00a0 \u00a0 \u00a0 \u00a0 \u00a074 \u00a0 \u00a0 \u00a0 \u00a0 \u00a0 78 \u200b<\/p>\n<p><b>Hanches<\/b>\u00a0 \u00a0 \u00a0 \u00a0 \u00a086 \u00a0 \u00a0 \u00a0 \u00a0 90 \u00a0 \u00a0 \u00a0 \u00a094 \u00a0 \u00a0 \u00a0 \u00a0 \u00a098 \u00a0 \u00a0 \u00a0 \u00a0 \u00a0 102<\/p>\n<p>&nbsp;<\/p>\n<p>&nbsp;<\/p>\n<p><img loading=\"lazy\" decoding=\"async\" class=\"alignnone size-full wp-image-278\" src=\"https:\/\/i0.wp.com\/www.christinaprieth.com\/wp-content\/uploads\/2019\/04\/electric-blue-dress-01-02-02.jpg?resize=233%2C271&amp;ssl=1\" alt=\"\" width=\"233\" height=\"271\" \/><\/p>\n<p>Comment prendre vos mensurations ?<\/p>\n<p><strong>A. TOUR DE POITRINE<\/strong><\/p>\n<p>Pour mesurer votre tour de poitrine, placez le m\u00e8tre ruban au point le plus large de votre poitrine sous vos bras.<\/p>\n<p><strong>B. TOUR DE TAILLE<\/strong><\/p>\n<p>Pour mesurer votre tour de taille, placez le ruban \u00e0 mesurer au point le plus \u00e9troit de votre nombril.<\/p>\n<p><strong>C. CERCLE HANCHE<\/strong><\/p>\n<p>Pour mesurer votre tour de hanches, placez le m\u00e8tre ruban au point le plus large de votre bassin.<\/p>\n<div class=\"wpb_wrapper\">\n<hr \/>\n<\/div>\n<p><strong>TAILLE &amp; COUPE<br \/>\n<\/strong>Ce mod\u00e8le taille normalement.<br \/>\nNous vous conseillons de prendre votre taille habituelle.<br \/>\nPour plus d&#8217;informations, veuillez consulter le guide des tailles.<\/p>\n<p><strong>LIVRAISON<\/strong> \u00a0Trois options de livraison rapides et s\u00e9curis\u00e9es sont disponibles\u00a0:<\/p>\n<p>-Livraison standard avec Colissimo\/DHL\/UPS<\/p>\n<p>-Livraison express avec Colissimo\/DHL\/UPS<\/p>\n<p>-Service de livraison en point relais<\/p>\n<\/div>\n<\/div>\n<\/div>\n<div class=\"wpb_text_column wpb_content_element vc_custom_1556746569054\">\n<div class=\"wpb_wrapper\">\n<p>D\u00e9lai de livraison : 7 \u00e0 14 jours ouvr\u00e9s \u00e0 compter du lendemain de la passation de la commande par l&#8217;acheteur.<\/p>\n<p><strong>RETOUR OU ECHANGE<\/strong><br \/>\nUne option de retour ou d&#8217;\u00e9change est disponible dans les 14 jours \u00e0 compter de la date de r\u00e9ception de votre commande.<br \/>\nPour plus d&#8217;informations, veuillez consulter nos Termes et Conditions ( Livraisons et retours)<\/p>\n<\/div>\n<\/div>\n<\/div>\n<\/div>\n<h6 class=\"clearfix qode-title-holder ui-accordion-header ui-corner-top ui-accordion-header-active ui-state-active\"><\/h6>\n<div class=\"qode-accordion-content ui-accordion-content ui-helper-reset ui-widget-content ui-corner-bottom ui-accordion-content-active\">\n<div class=\"qode-accordion-content-inner\">\n<div class=\"wpb_text_column wpb_content_element vc_custom_1556486315766\">\n<div class=\"wpb_wrapper\">\n<p>&nbsp;<\/p>\n<\/div>\n<\/div>\n<\/div>\n<\/div>\n<div class=\"qode-accordion-content ui-accordion-content ui-helper-reset ui-widget-content ui-corner-bottom ui-accordion-content-active\">\n<div class=\"qode-accordion-content-inner\">\n<div class=\"wpb_text_column wpb_content_element vc_custom_1556746553293\">\n<div class=\"wpb_wrapper\">\n<p>&nbsp;<\/p>\n<\/div>\n<\/div>\n<\/div>\n<\/div>\n","protected":false},"excerpt":{"rendered":"<p><strong>Robe Courte Robe Ligne Vinyle\u00a0cr\u00e9\u00e9e selon la technique d&#8217;application de tissu, largement utilis\u00e9e dans l&#8217;\u00e9laboration de pi\u00e8ces Haute Couture.<\/strong><br \/>\n<strong>Elle consiste \u00e0 superposer des tissus, \u00e0 les coudre m\u00e9ticuleusement ensemble puis \u00e0 les vider, faisant ressortir la couleur, la texture et la forme d\u00e9sir\u00e9es ; dans ces robes se trouvent les ondulations dessin\u00e9es \u00e0 la main, une vraie d\u00e9licatesse.<\/strong><\/p>\n<p><strong>\u00c9CONOMIE \u00c9QUITABLE<\/strong><\/p>\n<p><strong>Christina Prieth produit \u00e0 partir de tissus inutilis\u00e9s, nous r\u00e9utilisons des stocks, appel\u00e9s \u00abstocks morts\u00bb, afin de minimiser l&#8217;\u00e9norme fardeau environnemental li\u00e9 \u00e0 la cr\u00e9ation de nouveaux tissus. Christina Prieth produit localement pour r\u00e9duire les co\u00fbts de transport, moins de pollution et contribuer \u00e0 l&#8217;\u00e9conomie locale.<\/strong><\/p>\n","protected":false},"featured_media":548,"comment_status":"closed","ping_status":"closed","template":"","meta":[],"product_cat":[35,64],"product_tag":[],"class_list":{"0":"post-4783","1":"product","2":"type-product","3":"status-publish","4":"has-post-thumbnail","6":"product_cat-collection-couture","7":"product_cat-dress-fr","9":"first","10":"instock","11":"taxable","12":"shipping-taxable","13":"purchasable","14":"product-type-variable"},"_links":{"self":[{"href":"https:\/\/www.christinaprieth.com\/fr\/wp-json\/wp\/v2\/product\/4783"}],"collection":[{"href":"https:\/\/www.christinaprieth.com\/fr\/wp-json\/wp\/v2\/product"}],"about":[{"href":"https:\/\/www.christinaprieth.com\/fr\/wp-json\/wp\/v2\/types\/product"}],"replies":[{"embeddable":true,"href":"https:\/\/www.christinaprieth.com\/fr\/wp-json\/wp\/v2\/comments?post=4783"}],"wp:featuredmedia":[{"embeddable":true,"href":"https:\/\/www.christinaprieth.com\/fr\/wp-json\/wp\/v2\/media\/548"}],"wp:attachment":[{"href":"https:\/\/www.christinaprieth.com\/fr\/wp-json\/wp\/v2\/media?parent=4783"}],"wp:term":[{"taxonomy":"product_cat","embeddable":true,"href":"https:\/\/www.christinaprieth.com\/fr\/wp-json\/wp\/v2\/product_cat?post=4783"},{"taxonomy":"product_tag","embeddable":true,"href":"https:\/\/www.christinaprieth.com\/fr\/wp-json\/wp\/v2\/product_tag?post=4783"}],"curies":[{"name":"wp","href":"https:\/\/api.w.org\/{rel}","templated":true}]}}