{"id":4770,"date":"2021-02-03T00:00:00","date_gmt":"2021-02-02T23:00:00","guid":{"rendered":"https:\/\/www.christinaprieth.com\/product\/serpentine-dress\/"},"modified":"2024-01-18T18:09:16","modified_gmt":"2024-01-18T17:09:16","slug":"serpentine-dress","status":"publish","type":"product","link":"https:\/\/www.christinaprieth.com\/fr\/produit\/serpentine-dress\/","title":{"rendered":"Serpentine Dress"},"content":{"rendered":"<p class=\"clearfix qode-title-holder ui-accordion-header ui-corner-top ui-accordion-header-active ui-state-active\">Robe en tulle \u00e9lastique , \u00e9l\u00e9gante, confortable, toucher doux, cr\u00e9ation textile avec cr\u00e9ation textile en Lurex noir par application \u00a0de tissu, fermeture \u00e9clair invisible au dos, col rond, manches papillon au dessus du coude.<\/p>\n<div class=\"qode-accordion-content ui-accordion-content ui-helper-reset ui-widget-content ui-corner-bottom ui-accordion-content-active\">\n<div class=\"qode-accordion-content-inner\">\n<div class=\"wpb_text_column wpb_content_element vc_custom_1556743086714\">\n<div class=\"wpb_wrapper\">\n<hr \/>\n<div class=\"qode-accordion-content ui-accordion-content ui-helper-reset ui-widget-content ui-corner-bottom ui-accordion-content-active\">\n<div class=\"qode-accordion-content-inner\">\n<div class=\"wpb_text_column wpb_content_element vc_custom_1556741846944\">\n<div class=\"wpb_wrapper\">\n<p><b>Composition et soin<\/b><\/p>\n<p>Lurex PES 95%<span class=\"Apple-converted-space\">\u00a0 <\/span>EA5%<\/p>\n<p><b>Lavage \u00e0 la main uniquement, Lavage \u00e0 la main \u00e0 froid, Ne pas s\u00e9cher au s\u00e8che-linge, Convient au nettoyage \u00e0 sec, Repasser \u00e0 basse temp\u00e9rature, Ne pas blanchir. Lavez les tissus color\u00e9s s\u00e9par\u00e9ment avec une petite quantit\u00e9 de d\u00e9tergent \u00e0 lessive.<\/b><\/p>\n<p>&nbsp;<\/p>\n<hr \/>\n<hr \/>\n<p>Le mannequin porte un S<\/p>\n<p>Ce mod\u00e8le disponible en :<\/p>\n<p><strong>EU S\/36 \u00a0M\/38 \u00a0 L\/40<\/strong><\/p>\n<p><strong>US \u00a0 S\/4 \u00a0 \u00a0 M\/\u00a06 \u00a0 \u00a0 L\/10<\/strong><\/p>\n<p><strong>UK \u00a0 \u00a0S\/ 8 \u00a0\u00a0M\/10 \u00a0 \u00a0L\/14<\/strong><\/p>\n<hr \/>\n<hr \/>\n<p><strong>Size\u00a0Guide \u00a0<\/strong><\/p>\n<p>&nbsp;<\/p>\n<p><strong>\u00a0 \u00a0 \u00a0 \u00a0 \u00a0 XS\/34 \u00a0 S\/36 \u00a0\u00a0M\/38 \u00a0 L\/40 \u00a0 XL\/42<\/strong><\/p>\n<p><strong>Poitrine<\/strong>\u00a0 \u00a0 \u00a0 80 \u00a0 \u00a0 \u00a0 \u00a0 84 \u00a0 \u00a0 \u00a0 \u00a088 \u00a0 \u00a0 \u00a0 \u00a0 \u00a092 \u00a0 \u00a0 \u00a0 \u00a0 \u00a0 96 \u200b<\/p>\n<p><strong>Taille \u00a0 \u00a0 \u00a0 \u00a0 <\/strong>\u00a0 62 \u00a0 \u00a0 \u00a0 \u00a0 66 \u00a0 \u00a0 \u00a0 \u00a0 70 \u00a0 \u00a0 \u00a0 \u00a0 \u00a074 \u00a0 \u00a0 \u00a0 \u00a0 \u00a0 78 \u200b<\/p>\n<p><strong>Hanche<\/strong>\u00a0 \u00a0 \u00a0 \u00a086 \u00a0 \u00a0 \u00a0 \u00a0 90 \u00a0 \u00a0 \u00a0 \u00a094 \u00a0 \u00a0 \u00a0 \u00a0 \u00a098 \u00a0 \u00a0 \u00a0 \u00a0 \u00a0 102<\/p>\n<p>&nbsp;<\/p>\n<p>&nbsp;<\/p>\n<p><img loading=\"lazy\" decoding=\"async\" class=\"alignnone size-full wp-image-278\" src=\"https:\/\/i0.wp.com\/www.christinaprieth.com\/wp-content\/uploads\/2019\/04\/electric-blue-dress-01-02-02.jpg?resize=233%2C271&amp;ssl=1\" alt=\"\" width=\"233\" height=\"271\" \/><\/p>\n<p>Comment prendre vos mensurations ?<\/p>\n<p><strong>A. TOUR DE POITRINE<\/strong><\/p>\n<p>Pour mesurer votre tour de poitrine, placez le m\u00e8tre ruban au point le plus large de votre poitrine sous vos bras.<\/p>\n<p><strong>B. TOUR DE TAILLE<\/strong><\/p>\n<p>Pour mesurer votre tour de taille, placez le ruban \u00e0 mesurer au point le plus \u00e9troit de votre nombril.<\/p>\n<p><strong>C. CERCLE HANCHE<\/strong><\/p>\n<p>Pour mesurer votre tour de hanches, placez le m\u00e8tre ruban au point le plus large de votre bassin.<\/p>\n<div class=\"wpb_wrapper\">\n<hr \/>\n<\/div>\n<p><strong>TAILLE &amp; COUPE<\/strong><br \/>\nCe mod\u00e8le taille normalement.<br \/>\nNous vous conseillons de prendre votre taille habituelle.<br \/>\nPour plus d&#8217;informations, veuillez consulter le guide des tailles.<\/p>\n<p><strong>LIVRAISON \u00a0<\/strong>Trois options de livraison rapide et s\u00e9curis\u00e9e vous sont propos\u00e9es :<\/p>\n<p>Livraison standard avec Colissimo\/DHL\/UPS<br \/>\nLivraison express avec Colissimo\/DHL\/UPS<br \/>\nService de livraison point de retrait<\/p>\n<p>D\u00e9lai de livraison : 7 \u00e0 14 jours ouvr\u00e9s \u00e0 compter du lendemain de la passation de la commande par l&#8217;acheteur.<\/p>\n<p><strong>RETOUR OU ECHANGE<\/strong><br \/>\nUne option de retour ou d&#8217;\u00e9change est disponible dans les 14 jours \u00e0 compter de la date de r\u00e9ception de votre commande.<br \/>\nPour plus d&#8217;informations, veuillez consulter nos Termes et Conditions.<\/p>\n<\/div>\n<div class=\"qode-accordion-content ui-accordion-content ui-helper-reset ui-widget-content ui-corner-bottom ui-accordion-content-active\">\n<div class=\"qode-accordion-content-inner\">\n<div class=\"wpb_text_column wpb_content_element vc_custom_1560858038427\">\n<div class=\"wpb_wrapper\">\n<p>&nbsp;<\/p>\n<\/div>\n<\/div>\n<div class=\"wpb_gallery wpb_content_element vc_clearfix vc_custom_1556224155438 iconos\">\n<div class=\"wpb_wrapper\">\n<div class=\"wpb_gallery_slides wpb_image_grid\" data-interval=\"3\" data-drag=\"false\">\n<div class=\"gallery_holder\"><\/div>\n<\/div>\n<\/div>\n<\/div>\n<\/div>\n<\/div>\n<div class=\"qode-accordion-content ui-accordion-content ui-helper-reset ui-widget-content ui-corner-bottom ui-accordion-content-active\">\n<div class=\"qode-accordion-content-inner\">\n<div class=\"wpb_text_column wpb_content_element vc_custom_1556741841337\">\n<div class=\"wpb_wrapper\">\n<p>&nbsp;<\/p>\n<\/div>\n<\/div>\n<\/div>\n<\/div>\n<\/div>\n<\/div>\n<\/div>\n<h6 class=\"clearfix qode-title-holder ui-accordion-header ui-state-default ui-corner-top ui-corner-bottom\"><\/h6>\n<\/div>\n<\/div>\n<\/div>\n<\/div>\n","protected":false},"excerpt":{"rendered":"<p><strong>Robe en tulle \u00e9lastique, \u00e9l\u00e9gante, confortable, toucher doux, cr\u00e9ation textile\u00a0avec cr\u00e9ation textile en lurex noir par l&#8217;application de tissu.<\/strong><\/p>\n<p><strong>\u00c9CONOMIE \u00c9QUITABLE<\/strong><\/p>\n<p><strong>Christina Prieth produit \u00e0 partir de tissus inutilis\u00e9s, nous r\u00e9utilisons des stocks, appel\u00e9s \u00abstocks morts\u00bb, afin de minimiser l&#8217;\u00e9norme fardeau environnemental li\u00e9 \u00e0 la cr\u00e9ation de nouveaux tissus. Christina Prieth produit localement pour r\u00e9duire les co\u00fbts de transport, moins de pollution et contribuer \u00e0 l&#8217;\u00e9conomie locale.<\/strong><\/p>\n","protected":false},"featured_media":511,"comment_status":"closed","ping_status":"closed","template":"","meta":[],"product_cat":[35,63],"product_tag":[],"class_list":{"0":"post-4770","1":"product","2":"type-product","3":"status-publish","4":"has-post-thumbnail","6":"product_cat-collection-couture","7":"product_cat-dress-2-fr","9":"first","10":"instock","11":"taxable","12":"shipping-taxable","13":"purchasable","14":"product-type-variable"},"_links":{"self":[{"href":"https:\/\/www.christinaprieth.com\/fr\/wp-json\/wp\/v2\/product\/4770"}],"collection":[{"href":"https:\/\/www.christinaprieth.com\/fr\/wp-json\/wp\/v2\/product"}],"about":[{"href":"https:\/\/www.christinaprieth.com\/fr\/wp-json\/wp\/v2\/types\/product"}],"replies":[{"embeddable":true,"href":"https:\/\/www.christinaprieth.com\/fr\/wp-json\/wp\/v2\/comments?post=4770"}],"wp:featuredmedia":[{"embeddable":true,"href":"https:\/\/www.christinaprieth.com\/fr\/wp-json\/wp\/v2\/media\/511"}],"wp:attachment":[{"href":"https:\/\/www.christinaprieth.com\/fr\/wp-json\/wp\/v2\/media?parent=4770"}],"wp:term":[{"taxonomy":"product_cat","embeddable":true,"href":"https:\/\/www.christinaprieth.com\/fr\/wp-json\/wp\/v2\/product_cat?post=4770"},{"taxonomy":"product_tag","embeddable":true,"href":"https:\/\/www.christinaprieth.com\/fr\/wp-json\/wp\/v2\/product_tag?post=4770"}],"curies":[{"name":"wp","href":"https:\/\/api.w.org\/{rel}","templated":true}]}}