{"id":4743,"date":"2021-03-08T00:00:00","date_gmt":"2021-03-07T23:00:00","guid":{"rendered":"https:\/\/www.christinaprieth.com\/product\/like-a-flower-dress\/"},"modified":"2024-01-18T17:53:16","modified_gmt":"2024-01-18T16:53:16","slug":"like-a-flower-dress","status":"publish","type":"product","link":"https:\/\/www.christinaprieth.com\/fr\/produit\/like-a-flower-dress\/","title":{"rendered":"LIKE A FLOWER&#8217; dress"},"content":{"rendered":"<div class=\"qode-accordion-content ui-accordion-content ui-helper-reset ui-widget-content ui-corner-bottom ui-accordion-content-active\">\n<div class=\"qode-accordion-content-inner\">\n<div class=\"wpb_text_column wpb_content_element vc_custom_1560855876558\">\n<div class=\"wpb_wrapper\">\n<p>Robe courte l\u00e9g\u00e8rement \u00e9vas\u00e9e avec des d\u00e9coupes.<\/p>\n<p>D\u00e9collet\u00e9 en V ,Cotton rose pale.<\/p>\n<p>Manches transparentes en tulle \u00e9lastique, brod\u00e9es avec des Cordons en Lurex ( beaux volumes de manche)<\/p>\n<p>Doublure en soie rose pale.<\/p>\n<hr \/>\n<p><b>COMPOSITION ET SOIN<\/b><\/p>\n<p>Tissu :Cotton 95%<span class=\"Apple-converted-space\">\u00a0 <\/span>EA5%.<span class=\"Apple-converted-space\">\u00a0 \u00a0 \u00a0 \u00a0 \u00a0 \u00a0 \u00a0 \u00a0 \u00a0 \u00a0 \u00a0<\/span><\/p>\n<p>Doublure<span class=\"Apple-converted-space\">\u00a0<\/span>: 85% Soie\/15% EA<\/p>\n<div class=\"qode-accordion-content ui-accordion-content ui-helper-reset ui-widget-content ui-corner-bottom ui-accordion-content-active\">\n<div class=\"qode-accordion-content-inner\">\n<div class=\"wpb_text_column wpb_content_element vc_custom_1560856018633\">\n<div class=\"wpb_wrapper\">\n<p><img loading=\"lazy\" decoding=\"async\" class=\"\" title=\"1\" src=\"https:\/\/www.christinaprieth.com\/wp-content\/uploads\/2019\/04\/1-25x25.jpg\" alt=\"1\" width=\"25\" height=\"25\" \/><img loading=\"lazy\" decoding=\"async\" class=\"\" title=\"2\" src=\"https:\/\/www.christinaprieth.com\/wp-content\/uploads\/2019\/04\/2-25x25.jpg\" alt=\"2\" width=\"25\" height=\"25\" \/><img loading=\"lazy\" decoding=\"async\" class=\"\" title=\"3\" src=\"https:\/\/www.christinaprieth.com\/wp-content\/uploads\/2019\/04\/3-25x25.jpg\" alt=\"3\" width=\"25\" height=\"25\" \/><img loading=\"lazy\" decoding=\"async\" class=\"\" title=\"4\" src=\"https:\/\/www.christinaprieth.com\/wp-content\/uploads\/2019\/04\/4-25x25.jpg\" alt=\"4\" width=\"25\" height=\"25\" \/><img loading=\"lazy\" decoding=\"async\" class=\"\" title=\"5\" src=\"https:\/\/www.christinaprieth.com\/wp-content\/uploads\/2019\/04\/5-25x25.jpg\" alt=\"5\" width=\"25\" height=\"25\" \/><\/p>\n<\/div>\n<\/div>\n<\/div>\n<\/div>\n<\/div>\n<\/div>\n<\/div>\n<\/div>\n<hr \/>\n<p>Le mannequin porte un S<\/p>\n<p>Ce mod\u00e8le disponible en :<\/p>\n<p>UE \u00a0 \u00a0 \u00a0 \u00a0 S\/36 \u00a0M\/38 \u00a0L\/40<\/p>\n<p>EU \u00a0 \u00a0 \u00a0 \u00a0 S\/4 \u00a0 \u00a0 M\/6 \u00a0 \u00a0L\/10<\/p>\n<p>UK. \u00a0 \u00a0 \u00a0 \u00a0S\/ 8. \u00a0M\/10 \u00a0L\/14<\/p>\n<hr \/>\n<p>&nbsp;<\/p>\n<p><strong>XS\/34 \u00a0 S\/36 \u00a0\u00a0M\/38 \u00a0 L\/40 \u00a0 XL\/42<\/strong><\/p>\n<p><b>Poitrine<\/b>\u00a0 \u00a0 80 \u00a0 \u00a0 \u00a0 \u00a0 84 \u00a0 \u00a0 \u00a0 \u00a088 \u00a0 \u00a0 \u00a0 \u00a092 \u00a0 \u00a0 \u00a0 \u00a096 \u200b<\/p>\n<p><strong>Taille \u00a0 \u00a0 \u00a0<\/strong>\u00a0 \u00a062 \u00a0 \u00a0 \u00a0 \u00a0 66 \u00a0 \u00a0 \u00a0 \u00a0 70 \u00a0 \u00a0 \u00a0 \u00a074 \u00a0 \u00a0 \u00a0 \u00a0 78 \u200b<\/p>\n<p><strong>Hanche<\/strong>\u00a0 \u00a0 \u00a086 \u00a0 \u00a0 \u00a0 \u00a0 90 \u00a0 \u00a0 \u00a0 \u00a094 \u00a0 \u00a0 \u00a0 \u00a098 \u00a0 \u00a0 \u00a0 \u00a0102<\/p>\n<p>&nbsp;<\/p>\n<p>&nbsp;<\/p>\n<div class=\"qode-accordion-content ui-accordion-content ui-helper-reset ui-widget-content ui-corner-bottom ui-accordion-content-active\">\n<div class=\"qode-accordion-content-inner\">\n<div class=\"wpb_single_image wpb_content_element vc_align_center\">\n<div class=\"wpb_wrapper\">\n<div class=\"vc_single_image-wrapper vc_box_border_grey\">\n<p><img loading=\"lazy\" decoding=\"async\" class=\"alignnone size-full wp-image-278\" src=\"https:\/\/i0.wp.com\/www.christinaprieth.com\/wp-content\/uploads\/2019\/04\/electric-blue-dress-01-02-02.jpg?resize=233%2C271&amp;ssl=1\" alt=\"\" width=\"233\" height=\"271\" \/><\/p>\n<p>&nbsp;<\/p>\n<div class=\"wpb_wrapper\">\n<p>Comment prendre vos mensurations ?<\/p>\n<p>A. TOUR DE POITRINE<\/p>\n<p>Pour mesurer votre tour de poitrine, placez le m\u00e8tre ruban au point le plus large de votre poitrine sous vos bras.<\/p>\n<p>B. TOUR DE TAILLE<\/p>\n<p>Pour mesurer votre tour de taille, placez le ruban \u00e0 mesurer au point le plus \u00e9troit de votre nombril.<\/p>\n<p>C.HIP CERCLE<\/p>\n<p>Pour mesurer votre tour de hanches, placez le m\u00e8tre ruban au point le plus large de votre bassin.<\/p>\n<hr \/>\n<\/div>\n<\/div>\n<\/div>\n<\/div>\n<\/div>\n<\/div>\n<p>Comment prendre vos mensurations ?<\/p>\n<p>Ce mod\u00e8le taille normalement.<br \/>\nNous vous conseillons de prendre votre taille habituelle<br \/>\nPour plus d&#8217;informations, veuillez consulter le guide des tailles.<\/p>\n<p>EXP\u00c9DITIONS<br \/>\nTrois options de livraison rapide et s\u00e9curis\u00e9e sont disponibles :<\/p>\n<p>Livraison standard avec Colissimo\/DHL\/UPS<br \/>\nLivraison express avec Colissimo\/DHL\/UPS<br \/>\nService de point de retrait<\/p>\n<p>D\u00e9lai de livraison pour cette robe :Livraison entre 7 et 15 jours ouvr\u00e9s apr\u00e8s achat. Livraison incluse vers l&#8217;Europe.<\/p>\n<p>RETOUR OU ECHANGE<br \/>\nUne option de retour ou d&#8217;\u00e9change est disponible dans les 14 jours \u00e0 compter de la date de r\u00e9ception de votre commande.<br \/>\nPour plus d&#8217;informations, veuillez consulter nos Termes et Conditions (Livraisons et Retours)<\/p>\n<h6 class=\"clearfix qode-title-holder ui-accordion-header ui-corner-top ui-accordion-header-active ui-state-active\"><\/h6>\n","protected":false},"excerpt":{"rendered":"<p><strong>Robe courte l\u00e9g\u00e8rement \u00e9vas\u00e9e avec d\u00e9coupes en Coton, Manches en tulle \u00e9lastique transparent, brod\u00e9es de Lurex fin, \u00e0 la main.<\/strong><\/p>\n<p><strong>\u00c9CONOMIE \u00c9QUITABLE<\/strong><\/p>\n<p><strong>Christina Prieth produit \u00e0 partir de tissus inutilis\u00e9s, nous r\u00e9utilisons des stocks, appel\u00e9s \u00abstocks morts\u00bb, afin de minimiser l&#8217;\u00e9norme fardeau environnemental li\u00e9 \u00e0 la cr\u00e9ation de nouveaux tissus. Christina Prieth produit localement pour r\u00e9duire les co\u00fbts de transport, moins de pollution et contribuer \u00e0 l&#8217;\u00e9conomie locale.<\/strong><\/p>\n","protected":false},"featured_media":487,"comment_status":"closed","ping_status":"closed","template":"","meta":[],"product_cat":[35,63],"product_tag":[],"class_list":{"0":"post-4743","1":"product","2":"type-product","3":"status-publish","4":"has-post-thumbnail","6":"product_cat-collection-couture","7":"product_cat-dress-2-fr","9":"first","10":"instock","11":"taxable","12":"shipping-taxable","13":"purchasable","14":"product-type-variable"},"_links":{"self":[{"href":"https:\/\/www.christinaprieth.com\/fr\/wp-json\/wp\/v2\/product\/4743"}],"collection":[{"href":"https:\/\/www.christinaprieth.com\/fr\/wp-json\/wp\/v2\/product"}],"about":[{"href":"https:\/\/www.christinaprieth.com\/fr\/wp-json\/wp\/v2\/types\/product"}],"replies":[{"embeddable":true,"href":"https:\/\/www.christinaprieth.com\/fr\/wp-json\/wp\/v2\/comments?post=4743"}],"wp:featuredmedia":[{"embeddable":true,"href":"https:\/\/www.christinaprieth.com\/fr\/wp-json\/wp\/v2\/media\/487"}],"wp:attachment":[{"href":"https:\/\/www.christinaprieth.com\/fr\/wp-json\/wp\/v2\/media?parent=4743"}],"wp:term":[{"taxonomy":"product_cat","embeddable":true,"href":"https:\/\/www.christinaprieth.com\/fr\/wp-json\/wp\/v2\/product_cat?post=4743"},{"taxonomy":"product_tag","embeddable":true,"href":"https:\/\/www.christinaprieth.com\/fr\/wp-json\/wp\/v2\/product_tag?post=4743"}],"curies":[{"name":"wp","href":"https:\/\/api.w.org\/{rel}","templated":true}]}}