{"id":4738,"date":"2021-08-19T14:19:35","date_gmt":"2021-08-19T12:19:35","guid":{"rendered":"https:\/\/www.christinaprieth.com\/product\/glam-dress\/"},"modified":"2024-01-18T17:51:37","modified_gmt":"2024-01-18T16:51:37","slug":"glam-dress","status":"publish","type":"product","link":"https:\/\/www.christinaprieth.com\/fr\/produit\/glam-dress\/","title":{"rendered":"GLAM DRESS"},"content":{"rendered":"<p>Mini robe brod\u00e9e avec des rayures de sequins argent\u00e9s et noirs.<\/p>\n<p>Sans manches<\/p>\n<p>col rond<\/p>\n<p>Petite fermeture \u00e9clair \u00e0 l&#8217;arri\u00e8re, pour faciliter l&#8217;entr\u00e9e par la t\u00eate.<\/p>\n<p>Doublure en tulle \u00e9lastique<\/p>\n<p>Finition : Biais satin noir autour de l&#8217;encolure.<\/p>\n<hr \/>\n<p>COMPOSITION ET ENTRETIEN<\/p>\n<p>Paillettes PES 95\u00a0%\u00a0 EA5\u00a0%. \u00a0 Doublure Pes 80%. 20 EA%<\/p>\n<p>&nbsp;<\/p>\n<p>Lavage \u00e0 la main uniquement, Lavage \u00e0 la main \u00e0 froid, Ne pas s\u00e9cher au s\u00e8che-linge, Convient au nettoyage \u00e0 sec, Repasser \u00e0 basse temp\u00e9rature, Ne pas blanchir. Lavez les tissus color\u00e9s s\u00e9par\u00e9ment avec une petite quantit\u00e9 de d\u00e9tergent \u00e0 lessive.<\/p>\n<hr \/>\n<hr \/>\n<p>Le mannequin porte un S<\/p>\n<p>Ce mod\u00e8le disponible en:<\/p>\n<p><strong>EU<\/strong> <strong>S\/<\/strong>36 <strong>\u00a0M<\/strong>\/38<strong> \u00a0 L<\/strong>\/40<\/p>\n<p><strong>US<\/strong> \u00a0 <strong>S\/<\/strong>4 \u00a0 \u00a0 <strong>M\/<\/strong>\u00a06 \u00a0 \u00a0 <strong>L\/<\/strong>10<\/p>\n<p><strong>UK<\/strong> \u00a0 \u00a0<strong>S\/<\/strong> 8 \u00a0\u00a0<strong>M<\/strong>\/10 \u00a0 \u00a0<strong>L<\/strong>\/14<\/p>\n<hr \/>\n<hr \/>\n<p><strong>Size\u00a0Guide \u00a0<\/strong><\/p>\n<p>&nbsp;<\/p>\n<p><strong>\u00a0 \u00a0 \u00a0 \u00a0 \u00a0 \u00a0 \u00a0 \u00a0 \u00a0 \u00a0XS\/34 \u00a0 S\/36 \u00a0\u00a0M\/38 \u00a0 L\/40 \u00a0 XL\/42<\/strong><\/p>\n<p><strong>Poitrine<\/strong>\u00a0 \u00a0 \u00a0 80 \u00a0 \u00a0 \u00a0 \u00a0 84 \u00a0 \u00a0 \u00a0 \u00a088 \u00a0 \u00a0 \u00a0 \u00a0 \u00a092 \u00a0 \u00a0 \u00a0 \u00a0 \u00a0 96 \u200b<\/p>\n<p><strong>Taille<\/strong>\u00a0 \u00a0 \u00a0 \u00a0 \u00a0 \u00a0 62 \u00a0 \u00a0 \u00a0 \u00a0 66 \u00a0 \u00a0 \u00a0 \u00a0 70 \u00a0 \u00a0 \u00a0 \u00a0 \u00a074 \u00a0 \u00a0 \u00a0 \u00a0 \u00a0 78 \u200b<\/p>\n<p><strong>Hanche<\/strong>\u00a0 \u00a0 \u00a0 \u00a086 \u00a0 \u00a0 \u00a0 \u00a0 90 \u00a0 \u00a0 \u00a0 \u00a094 \u00a0 \u00a0 \u00a0 \u00a0 \u00a098 \u00a0 \u00a0 \u00a0 \u00a0 \u00a0 102<\/p>\n<p>&nbsp;<\/p>\n<p>&nbsp;<\/p>\n<p><img loading=\"lazy\" decoding=\"async\" class=\"alignnone size-full wp-image-278\" src=\"https:\/\/i0.wp.com\/www.christinaprieth.com\/wp-content\/uploads\/2019\/04\/electric-blue-dress-01-02-02.jpg?resize=233%2C271&amp;ssl=1\" alt=\"\" width=\"233\" height=\"271\" \/><\/p>\n<p>Comment prendre vos mensurations ?<\/p>\n<p>A. TOUR DE POITRINE<\/p>\n<p>Pour mesurer votre tour de poitrine, placez le m\u00e8tre ruban au point le plus large de votre poitrine sous vos bras.<\/p>\n<p>B. TOUR DE TAILLE<\/p>\n<p>Pour mesurer votre tour de taille, placez le ruban \u00e0 mesurer au point le plus \u00e9troit de votre nombril.<\/p>\n<p>C.HIP CERCLE<\/p>\n<p>Pour mesurer votre tour de hanches, placez le m\u00e8tre ruban au point le plus large de votre bassin.<\/p>\n<div class=\"wpb_wrapper\">\n<hr \/>\n<\/div>\n<p><strong>TAILLE &amp; COUPE<\/strong><br \/>\nCe mod\u00e8le taille normalement.<br \/>\nNous vous conseillons de prendre votre taille habituelle.<br \/>\nPour plus d&#8217;informations, veuillez consulter le guide des tailles.<\/p>\n<p><strong>LIVRAISON<\/strong><\/p>\n<p>Trois options de livraison rapide et s\u00e9curis\u00e9e vous sont propos\u00e9es :<\/p>\n<p>&#8211; Livraison standard avec Colissimo\/DHL\/UPS<br \/>\n&#8211; Express avec \u00a0Colissimo\/DHL\/UPS<br \/>\n-Service de point de retrait<\/p>\n<p>D\u00e9lai de livraison : 3 \u00e0 5 jours ouvr\u00e9s \u00e0 compter du lendemain de la passation de la commande par l&#8217;acheteur.<\/p>\n<p><strong>RETOUR OU ECHANGE<\/strong><br \/>\nUne option de retour ou d&#8217;\u00e9change est disponible dans les 14 jours \u00e0 compter de la date de r\u00e9ception de votre commande.<br \/>\nPour plus d&#8217;informations, veuillez consulter nos Termes et Conditions.<\/p>\n<p>&nbsp;<\/p>\n","protected":false},"excerpt":{"rendered":"<p>&nbsp;<\/p>\n<p>Mini robe inspir\u00e9e des ann\u00e9es 70, tr\u00e8s chic et amusante, avec des paillettes en noir et argent, une pi\u00e8ce unique qui s&#8217;adapte \u00e0 votre corps de mani\u00e8re tr\u00e8s confortable.<\/p>\n<p><strong>\u00c9CONOMIE \u00c9QUITABLE<\/strong><\/p>\n<p>Christina Prieth produit \u00e0 partir de tissus inutilis\u00e9s, nous r\u00e9utilisons des stocks, appel\u00e9s \u00abstocks morts\u00bb, afin de minimiser l&#8217;\u00e9norme fardeau environnemental li\u00e9 \u00e0 la cr\u00e9ation de nouveaux tissus. Christina Prieth produit localement pour r\u00e9duire les co\u00fbts de transport, moins de pollution et contribuer \u00e0 l&#8217;\u00e9conomie locale.<\/p>\n","protected":false},"featured_media":626,"comment_status":"closed","ping_status":"closed","template":"","meta":[],"product_cat":[35,59],"product_tag":[],"class_list":{"0":"post-4738","1":"product","2":"type-product","3":"status-publish","4":"has-post-thumbnail","6":"product_cat-collection-couture","7":"product_cat-dress-1-fr","9":"first","10":"instock","11":"taxable","12":"shipping-taxable","13":"purchasable","14":"product-type-variable"},"_links":{"self":[{"href":"https:\/\/www.christinaprieth.com\/fr\/wp-json\/wp\/v2\/product\/4738"}],"collection":[{"href":"https:\/\/www.christinaprieth.com\/fr\/wp-json\/wp\/v2\/product"}],"about":[{"href":"https:\/\/www.christinaprieth.com\/fr\/wp-json\/wp\/v2\/types\/product"}],"replies":[{"embeddable":true,"href":"https:\/\/www.christinaprieth.com\/fr\/wp-json\/wp\/v2\/comments?post=4738"}],"wp:featuredmedia":[{"embeddable":true,"href":"https:\/\/www.christinaprieth.com\/fr\/wp-json\/wp\/v2\/media\/626"}],"wp:attachment":[{"href":"https:\/\/www.christinaprieth.com\/fr\/wp-json\/wp\/v2\/media?parent=4738"}],"wp:term":[{"taxonomy":"product_cat","embeddable":true,"href":"https:\/\/www.christinaprieth.com\/fr\/wp-json\/wp\/v2\/product_cat?post=4738"},{"taxonomy":"product_tag","embeddable":true,"href":"https:\/\/www.christinaprieth.com\/fr\/wp-json\/wp\/v2\/product_tag?post=4738"}],"curies":[{"name":"wp","href":"https:\/\/api.w.org\/{rel}","templated":true}]}}