{"id":4730,"date":"2021-08-19T14:19:35","date_gmt":"2021-08-19T12:19:35","guid":{"rendered":"https:\/\/www.christinaprieth.com\/product\/subliminal-dress\/"},"modified":"2024-01-18T17:48:20","modified_gmt":"2024-01-18T16:48:20","slug":"subliminal-dress","status":"publish","type":"product","link":"https:\/\/www.christinaprieth.com\/fr\/produit\/subliminal-dress\/","title":{"rendered":"Subliminal Dress"},"content":{"rendered":"<p>Robe courte noire en Lurex<br \/>\nManches aux coudes en tulle brod\u00e9es de dentelle lurex rose, vert, bleu ciel et bleu \u00e9lectrique.<br \/>\nZip invisible au dos.<br \/>\nDoublure en tulle stretch noir<\/p>\n<hr \/>\n<p><strong>COMPOSITION ET ENTRETIEN<\/strong><\/p>\n<p>Lurex 95\u00a0% EA5\u00a0%. \/ Doublure Pes 80%. 20 EA%<\/p>\n<p>Lavage \u00e0 la main uniquement, Lavage \u00e0 la main \u00e0 froid, Ne pas s\u00e9cher au s\u00e8che-linge, Convient au nettoyage \u00e0 sec, Repasser \u00e0 basse temp\u00e9rature, Ne pas blanchir. Lavez les tissus color\u00e9s s\u00e9par\u00e9ment avec une petite quantit\u00e9 de d\u00e9tergent \u00e0 lessive.<\/p>\n<hr \/>\n<p>Le mannequin porte un S<\/p>\n<p>Ce mod\u00e8le disponible en :<\/p>\n<p>UE \u00a0 \u00a0S\/36 \u00a0M\/38 \u00a0 \u00a0L\/40<\/p>\n<p>US \u00a0 \u00a0S\/4 \u00a0 \u00a0 M\/\u00a06 \u00a0 \u00a0 L\/10<\/p>\n<p>UK \u00a0 S\/ 8 \u00a0\u00a0M\/10 \u00a0 \u00a0L\/14<\/p>\n<p>&nbsp;<\/p>\n<hr \/>\n<hr \/>\n<p><strong>Size\u00a0Guide \u00a0<\/strong><\/p>\n<p>&nbsp;<\/p>\n<p><strong>\u00a0 \u00a0 \u00a0 \u00a0 \u00a0 XS\/34 \u00a0 S\/36 \u00a0\u00a0M\/38 \u00a0 L\/40 \u00a0 XL\/42<\/strong><\/p>\n<p><strong>Bust<\/strong> \u00a0 \u00a0 80 \u00a0 \u00a0 \u00a0 \u00a0 84 \u00a0 \u00a0 \u00a0 \u00a088 \u00a0 \u00a0 \u00a0 \u00a0 \u00a092 \u00a0 \u00a0 \u00a0 \u00a0 \u00a0 96 \u200b<\/p>\n<p><strong>Waist<\/strong> \u00a0 62 \u00a0 \u00a0 \u00a0 \u00a0 66 \u00a0 \u00a0 \u00a0 \u00a0 70 \u00a0 \u00a0 \u00a0 \u00a0 \u00a074 \u00a0 \u00a0 \u00a0 \u00a0 \u00a0 78 \u200b<\/p>\n<p><strong>Hip<\/strong> \u00a0 \u00a0 \u00a0 86 \u00a0 \u00a0 \u00a0 \u00a0 90 \u00a0 \u00a0 \u00a0 \u00a094 \u00a0 \u00a0 \u00a0 \u00a0 \u00a098 \u00a0 \u00a0 \u00a0 \u00a0 \u00a0 102<\/p>\n<p>&nbsp;<\/p>\n<p>&nbsp;<\/p>\n<p><img loading=\"lazy\" decoding=\"async\" class=\"alignnone size-full wp-image-278\" src=\"https:\/\/i0.wp.com\/www.christinaprieth.com\/wp-content\/uploads\/2019\/04\/electric-blue-dress-01-02-02.jpg?resize=233%2C271&amp;ssl=1\" alt=\"\" width=\"233\" height=\"271\" \/><\/p>\n<p><strong>Comment prendre vos mensurations ?<\/strong><\/p>\n<p><strong>A. TOUR DE POITRINE<\/strong><\/p>\n<p>Pour mesurer votre tour de poitrine, placez le m\u00e8tre ruban au point le plus large de votre poitrine sous vos bras.<\/p>\n<p><strong>B. TOUR DE TAILLE<\/strong><\/p>\n<p>Pour mesurer votre tour de taille, placez le ruban \u00e0 mesurer au point le plus \u00e9troit de votre nombril.<\/p>\n<p><strong>C. CERCLE HANCHE<\/strong><\/p>\n<p>Pour mesurer votre tour de hanches, placez le m\u00e8tre ruban au point le plus large de votre bassin.<\/p>\n<hr \/>\n<p><strong>TAILLE &amp; COUPE<\/strong><br \/>\nCe mod\u00e8le taille normalement.<br \/>\nNous vous conseillons de prendre votre taille habituelle.<br \/>\nPour plus d&#8217;informations, veuillez consulter le guide des tailles.<\/p>\n<p><strong>LIVRAISON\u00a0<\/strong><\/p>\n<p>Trois options de livraison rapides et s\u00e9curis\u00e9es sont disponibles\u00a0:<\/p>\n<p>Livraison standard avec Colissimo\/DHL\/UPS<br \/>\nLivraison express avec Colissimo\/DHL\/UPS<br \/>\nService de point de retrait<\/p>\n<p>D\u00e9lai de livraison : 5 \u00e0 7 jours ouvr\u00e9s \u00e0 compter du lendemain de la passation de la commande par l&#8217;acheteur.<\/p>\n<p><strong>RETOUR OU ECHANGE<\/strong><br \/>\nUne option de retour ou d&#8217;\u00e9change est disponible dans les 14 jours \u00e0 compter de la date de r\u00e9ception de votre commande.<br \/>\nPour plus d&#8217;informations, veuillez consulter nos Termes et Conditions (Livraisons et retours)<\/p>\n<p>&nbsp;<\/p>\n<p>&nbsp;<\/p>\n<p>&nbsp;<\/p>\n<p>&nbsp;<\/p>\n<p>&nbsp;<\/p>\n","protected":false},"excerpt":{"rendered":"<p>Robe en tulle \u00e9lastique, \u00e9l\u00e9gante, confortable, douce au toucher, brod\u00e9e.<\/p>\n<p>\u00c9CONOMIE \u00c9QUITABLE<\/p>\n<p>Christina Prieth produit \u00e0 partir de tissus inutilis\u00e9s, nous r\u00e9utilisons des stocks, appel\u00e9s \u00abstocks morts\u00bb, afin de minimiser l&#8217;\u00e9norme fardeau environnemental li\u00e9 \u00e0 la cr\u00e9ation de nouveaux tissus. Christina Prieth produit localement pour r\u00e9duire les co\u00fbts de transport, moins de pollution et contribuer \u00e0 l&#8217;\u00e9conomie locale.<\/p>\n","protected":false},"featured_media":612,"comment_status":"closed","ping_status":"closed","template":"","meta":[],"product_cat":[35,59],"product_tag":[],"class_list":{"0":"post-4730","1":"product","2":"type-product","3":"status-publish","4":"has-post-thumbnail","6":"product_cat-collection-couture","7":"product_cat-dress-1-fr","9":"first","10":"instock","11":"taxable","12":"shipping-taxable","13":"purchasable","14":"product-type-variable"},"_links":{"self":[{"href":"https:\/\/www.christinaprieth.com\/fr\/wp-json\/wp\/v2\/product\/4730"}],"collection":[{"href":"https:\/\/www.christinaprieth.com\/fr\/wp-json\/wp\/v2\/product"}],"about":[{"href":"https:\/\/www.christinaprieth.com\/fr\/wp-json\/wp\/v2\/types\/product"}],"replies":[{"embeddable":true,"href":"https:\/\/www.christinaprieth.com\/fr\/wp-json\/wp\/v2\/comments?post=4730"}],"wp:featuredmedia":[{"embeddable":true,"href":"https:\/\/www.christinaprieth.com\/fr\/wp-json\/wp\/v2\/media\/612"}],"wp:attachment":[{"href":"https:\/\/www.christinaprieth.com\/fr\/wp-json\/wp\/v2\/media?parent=4730"}],"wp:term":[{"taxonomy":"product_cat","embeddable":true,"href":"https:\/\/www.christinaprieth.com\/fr\/wp-json\/wp\/v2\/product_cat?post=4730"},{"taxonomy":"product_tag","embeddable":true,"href":"https:\/\/www.christinaprieth.com\/fr\/wp-json\/wp\/v2\/product_tag?post=4730"}],"curies":[{"name":"wp","href":"https:\/\/api.w.org\/{rel}","templated":true}]}}