{"id":4722,"date":"2021-08-20T14:19:35","date_gmt":"2021-08-20T12:19:35","guid":{"rendered":"https:\/\/www.christinaprieth.com\/product\/frou-frou-dress\/"},"modified":"2024-01-18T17:45:20","modified_gmt":"2024-01-18T16:45:20","slug":"frou-frou-dress","status":"publish","type":"product","link":"https:\/\/www.christinaprieth.com\/fr\/produit\/frou-frou-dress\/","title":{"rendered":"Frou-Frou Dress"},"content":{"rendered":"<p>Robe en Lurex Noir.<\/p>\n<p>Sans manches.<\/p>\n<p>Ajust\u00e9 au corps.<\/p>\n<p>Embellissement des manches : Dentelle Lurex Broderie \u00e0 la main avec des ornements de perles et de cristaux sur les \u00e9paules, formant des vagues et cr\u00e9ant un volume tr\u00e8s \u00e9l\u00e9gant sur le bras.<\/p>\n<p>Col rond.<\/p>\n<p>Doublure noire en tulle \u00e9lastique.<\/p>\n<p>Fermeture \u00e9clair invisible au dos.<\/p>\n<p>Pinces pour le corps (avant et arri\u00e8re)<\/p>\n<hr \/>\n<p>&nbsp;<\/p>\n<p><strong>COMPOSITION ET ENTRETIEN<\/strong><\/p>\n<p>Lurex 95% EA 5% Doublure Pes 80%. 20 EA%<\/p>\n<p><img decoding=\"async\" src=\"data:image\/tiff;base64,TU0AKgAAKqYAAqACAAQAAAABAAAAiKADAAQAAAABAAAAFAAAAAAAAAAAAAAAAAAAAAAAAAAAAAAAAAAAAAAAAAAAAAAAAAAAAAAAAAAAAAAAAAAAAAAAAAAAAAAAAAAAAAAAAAAAAAAAAAAAAAAAAAAAAAAAAAAAAAAAAAAAAAAAAAAAAAAAAAAAAAAAAAAAAAAAAAAAAAAAAAAAAAAAAAAAAAAAAAAAAAAAAAAAAAAAAAAAAAAAAAAAAAAAAAAAAAAAAAAAAAAAAAAAAAAAAAAAAAAAAAAAAAAAAAAAAAAAAAAAAAAAAAAAAAAAAAAAAAAAAAAAAAAAAAAAAAAAAAAAAAAAAAAAAAAAAAAAAAAAAAAAAAAAAAAAAAAAAAAAAAAAAAAAAAAAAAAAAAAAAAAAAAAAAAAAAAAAAAAAAAAAAAAAAAAAAAAAAAAAAAAAAAAAAAAAAAAAAAAAAAAAAAAAAAAAAAAAAAAAAAAAAAAAAAAAAAAAAAAAAAAAAAAAAAAAAAAAAAAAAAAAAAAAAAAAAAAAAAAAAAAAAAAAAAAAAAAAAAAAAAAAAAAAAAAAAAAAAAAAAAAAAAAAAAAAAAAAAAAAAAAAAAAAAAAAAAAAAAAAAAAAAAAAAAAAAAAAAAAAAAAAAAAAAAAAAAAAAAAAAAAAAIiIiA\/19fUZ5eXcHcvLyyK\/v78ov7+\/LNvb2zHZ2dk17e3tOv\/\/\/0D\/\/\/9E8fHxS9vb21XX19df1dXVaM7OznLg4N584ODghPHx8Y7\/\/\/+PAAAAAAAAAAAAAAAAAAAAAAAAAAAAAAAAAAAAAAAAAAAAAAAAAAAAAAAAAAAAAAAAAAAAAAAAAAAAAAAAAAAAAAAAAAAAAAAAAAAAAAAAAAAAAAAAAAAAAAAAAAAAAAAAAAAAAAAAAAAAAAAAAAAAAAAAAAAAAAAAAAAAAAAAAAAAAAAAAAAAAAAAAAAAAAAAAAAAAAAAAAAAAAAAAAAAAAAAAAAAAAAAAAAAAAAAAAAAAAAAAAAAAAAAAAAAAAAAAAAAAAAAAAAAAAAAAAAAAAAAAAAAAAAAAAAAAAAAAAAAAAAAAAAAAAAAAAAAAAAAAAAAAAAAAAAAAAAAAAAAAAAAAAAAAAAAAAAAAAAAAAAAAAAAAAAAAAAAAAAAAAAAAAAAAAAAAAAAAAAAAAAAAAAAAAAAAAAAAAAAAAAAAAAAAAAAAAAAAAAAAAAAAAAAAAAAAAAAAAAAAAAAAAAAAAAAAAAAAAAAAAAAAAAAAAAAAAAAAAAAAAAAAAAAAAAAAAAAAAAAAAAAAAAAAAAAAAAAAAAAAAAAAAAAAAAAAAAAAAAAAAAAAAAAAAAAAAAAAAAAAAAAAAAAAAAAAAAAAAAAAAAAAAAAAAAAAAAAAADCwsI2+Pj46P7+\/vP9\/f31+vr59\/n5+fr7+\/v8+\/v7\/v7+\/v\/\/\/\/\/\/\/\/\/\/\/\/\/\/\/\/\/\/\/\/\/\/\/\/\/\/\/\/\/\/\/\/\/\/\/\/\/\/\/\/\/\/\/\/\/\/\/\/\/\/\/\/\/\/8PDw3gAAAAAAAAAAAAAAAAAAAAAAAAAAAAAAAAAAAAAAAAAAAAAAAAAAAAAAAAAAAAAAAAAAAAAAAAAAAAAAAAAAAAAAAAAAAAAAAAAAAAAAAAAAAAAAAAAAAAAAAAAAAAAAAAAAAAAAAAAAAAAAAAAAAAAAAAAAAAAAAAAAAAAAAAAAAAAAAAAAAAAAAAAAAAAAAAAAAAAAAAAAAAAAAAAAAAAAAAAAAAAAAAAAAAAAAAAAAAAAAAAAAAAAAAAAAAAAAAAAAAAAAAAAAAAAAAAAAAAAAAAAAAAAAAAAAAAAAAAAAAAAAAAAAAAAAAAAAAAAAAAAAAAAAAAAAAAAAAAAAAAAAAAAAAAAAAAAAAAAAAAAAAAAAAAAAAAAAAAAAAAAAAAAAAAAAAAAAAAAAAAAAAAAAAAAAAAAAAAAAAAAAAAAAAAAAAAAAAAAAAAAAAAAAAAAAAAAAAAAAAAAAAAAAAAAAAAAAAAAAAAAAAAAAAAAAAAAAAAAAAAAAAAAAAAAAAAAAAAAAAAAAAAAAAAAAAAAAAAAAAAAAAAAAAAAAAAAAAAAAAAAAAAAAAAAAAAAAAAAAAAAAAAAAAAAAAAAAAAAAAAAAAAAAAAAAAAAAAAAzMzMMv7+\/ffa2df\/29vZ\/\/\/\/\/\/\/\/\/\/\/\/\/\/\/\/\/\/\/\/\/\/\/\/\/\/\/\/7e3t\/\/X19f\/\/\/\/\/\/\/v\/\/\/\/3+\/v\/\/\/\/\/\/\/\/\/\/\/8rIxf\/s6+j\/\/\/\/\/\/9\/f38gAAAAAAAAAAAAAAABwcHAQqqqtYLKysnG8vLx2ycnJe8jKyoHV1dWG5eXli+bm5I\/i4uKV6Ojnk6ysrFaurq4WAAAAAgAAAAAAAAAAAAAAAAAAAAAAAAAAAAAAAAAAAAAAAAAAAAAAAAAAAAAAAAAAAAAAAAAAAAMAAAAHFxcXC2BgYBCMjIwUv7+\/GPb29hzT09Mjm5ubLs7Ozjmurq5FqqqqUa+vr124uLhrwsLCec\/Pz4bh4eGQ39\/fbgAAAAAAAAAAAAAAAAAAAAAAAAAAAAAAAAAAAAAAAAAAAAAAAAAAAAAAAAAAAAAAAJGRkU+1tbV8zMzMfry8vIKTk5OGhISEiYWFhYyPj4+PpKSkkqamppWjo6OYpqamm6urq56tra2ho6OjpKysrKa4uLiozc3NrOzs7K7n5+ex4ODgtN\/f34gAAAAAAAAAAAAAAAAAAAAAAAAAAAAAAAAAAAAAAAAAAAAAAAAAAAAAAAAAAQAAAAUAAAALYGBgEIyMjBS4uLgZ1dXVHsfHxym4uLg2r6+vQ6enp1Gvr69gurq6b8rKyn7c3NyM8PDwnbGxsS4AAAAAAAAAAAAAAAAAAAAAAAAAAAAAAAAAAAAAAAAAANnZ2S\/\/\/\/\/00s\/L\/2djXv\/Z2db\/\/\/\/\/\/\/79\/v\/+\/vz\/\/f38\/2ljX\/+jn5z\/\/\/\/\/\/\/z+\/f\/9\/\/\/\/\/\/\/\/\/7KvrP9wamb\/7ezr\/\/\/\/\/\/\/W1tazAAAAAAAAAAEAAAAAysrIXP\/\/\/\/\/\/\/\/\/\/\/\/\/\/\/\/\/\/\/\/\/\/\/\/\/\/4d\/d\/87Myv\/T0c\/\/7+7s\/\/\/\/\/\/\/\/\/\/\/\/6+vr4szMzJG8vLxBAAAACwAAAAAAAAAAAAAAAAAAAAAAAAAAAAAAAAAAAAAAAAAAAAAAAOzs7Kzm5ua75eXlxOTk5M7l5eXY7u7u4fHx8eq7u7vzTU1N+jg4OP+bm5v\/+fn5\/\/\/\/\/\/\/\/\/\/\/\/\/\/\/\/\/\/\/\/\/\/\/\/\/\/\/\/\/v7+\/76+vooAAAAAAAAAAAAAAAAAAAAAAAAAAAAAAAAAAAAAAAAAAAAAAAAAAAAAAAAAAAAAAADR0dGq\/Pz8\/66urv+\/v7\/\/YmJi\/3x8fP+FhYX\/YGBg\/yoqKv9GRkb\/XFxc\/1VVVf81NTX\/NjY2\/3d3d\/99fX3\/aWlp\/3h4eP+8vLz\/w8PD\/\/\/\/\/\/\/\/\/\/+9AAAAAAAAAAAAAAAAAAAAAKqqqjC9vb1t0dHRe+vr64r\/\/\/+c8\/PzrO3t7bfp6enB5+fnzOjo6Nfs7Ozi8vLy7Pj4+Pb+\/v79\/\/\/\/\/\/\/\/\/\/\/\/\/\/\/\/\/\/\/\/\/\/\/\/\/\/\/\/\/\/\/\/\/\/\/\/\/\/\/\/\/\/+pqalNAAAAAAAAAAAAAAAAAAAAAAAAAAAAAAAAAAAAAAAAAADj4+Mt+\/v78\/\/\/\/\/\/Lysj\/ZF9Z\/9vY1\/\/\/\/\/\/\/\/\/\/\/\/7+7uv9xa2b\/cWxp\/+no5\/\/\/\/\/\/\/\/\/\/\/\/7i3tP9sZ2L\/6ujm\/\/\/\/\/v\/\/\/\/\/\/1NTUnwAAAAAAAAACVVVVCd\/f38L8+\/v\/\/v7+\/v7+\/P69ubf\/aWFe\/1dRSv9dWFL\/W1dQ\/1NOSf+Dfnn\/4eDd\/\/\/\/\/\/\/\/\/\/\/\/8fHx9enp6cO2trZtWFhYGgAAAAAAAAAAAAAAAAAAAAAAAAAAAAAAAAAAAADx8fHn\/\/\/\/\/\/\/\/\/\/\/\/\/\/\/\/\/\/\/\/\/9\/f3\/91dXX\/Dw8P\/wAAAP8AAAD\/AAAA\/zs7O\/+zs7P\/\/v7+\/\/\/\/\/\/\/\/\/\/\/\/\/\/\/\/\/v7+\/v+ysrJTAAAAAAAAAAAAAAAAAAAAAAAAAAAAAAAAAAAAAAAAAAAAAAAAAAAAAAAAAAAAAAAAzMzMpP39\/f2fn5\/9NDQ0\/21tbf\/39\/f\/tLS0\/2BgYP+kpKT\/2tra\/+np6f\/k5OT\/zs7O\/35+fv9ycnL\/5ubm\/+Hh4f8rKyv\/W1tb\/tbW1v7\/\/\/\/+\/Pz8sgAAAAAAAAAAAAAAAAAAAADk5OR6\/Pz8\/\/\/\/\/\/\/\/\/\/\/\/\/\/\/\/\/\/\/\/\/\/\/u7u7\/7u7u\/+3t7f\/s7Oz\/6urq\/+np6f\/n5+f\/5eXl\/+Tk5P\/k5OT\/5OTk\/+vr6\/\/9\/f3\/\/v7+\/\/7+\/v7+\/v7\/pKSkVAAAAAAAAAAAAAAAAAAAAAAAAAAAAAAAAAAAAAAAAAAA7e3tKvz8\/PH\/\/\/\/\/\/\/\/\/\/8bEv\/9kX1r\/4N\/d\/\/n59\/9vamb\/4uDe\/66pqP+UkI3\/\/\/\/\/\/7i2tP9pZmL\/6unl\/\/\/\/\/\/\/+\/\/\/\/\/\/\/\/\/9XV1Y0AAAABAAAAAJWVlUb5+fn4+\/z6\/fj49\/+GgXv\/VlBL\/7Sxrf\/o5uL\/8e\/s\/+7t6v\/a2Nb\/j4yJ\/0tHQ\/+\/vbr\/\/\/\/\/\/\/\/\/\/\/\/\/\/\/\/\/+fr5\/PT09sEAAAAAAAAAAAAAAAAAAAAAAAAAAAAAAAAAAAAA1NTUw+Li4v36+vr+9PT0\/4CAgP8SEhL\/AQEB\/wAAAP8AAAD\/AAAA\/wAAAP8AAAD\/DAwM\/8TExP\/+\/v7\/4ODg\/\/z8\/P\/39\/f3zc3NKQAAAAAAAAAAAAAAAAAAAAAAAAAAAAAAAAAAAAAAAAAAAAAAAAAAAAAAAAAAAAAAAMrKyqj+\/v79\/\/\/\/\/7u7u\/8tLS3\/Y2Nj\/3Fxcf\/o6Oj\/\/\/\/\/\/\/\/\/\/\/\/\/\/\/\/\/\/\/\/\/\/\/\/\/\/\/\/\/\/\/\/\/urq6\/1paWv9SUlL\/R0dH\/\/f39\/7\/\/\/\/\/\/v7+\/uTk5KwAAAAAAAAAAAAAAAAAAAAA0NDQbf39\/f3+\/v7+\/\/\/\/\/\/\/\/\/\/\/Kysr\/dXV1\/3p6ev96enr\/enp6\/3p6ev96enr\/enp6\/3p6ev96enr\/enp6\/3p6ev9ZWVn\/yMjI\/\/\/\/\/\/\/+\/v7++\/v7\/6qqqloAAAAAAAAAAAAAAAAAAAAAAAAAAAAAAAAAAAAAAAAAAPLy8ij9\/f3w\/\/\/\/\/\/79\/f\/\/\/\/\/\/wb+6\/3Jtaf+RjYf\/lJCM\/\/\/\/\/\/\/z8\/P\/dnBs\/6ain\/9pZWH\/4+Lg\/\/\/\/\/\/\/+\/\/\/\/\/\/\/\/\/\/\/\/\/\/\/g4OB8AAAAAgAAAALl5eWu\/v7+\/\/\/+\/v5\/enb\/bGVh\/\/Dv7f\/\/\/\/\/\/\/\/\/\/\/\/3\/\/v\/9\/\/\/\/\/\/\/\/\/\/\/\/\/\/\/Ew8D\/SUVB\/727uf\/\/\/\/\/\/\/P38\/Pz9+\/7S0tOvAAAAAAAAAAAAAAAAAAAAAAAAAAAAAAAAAAAAAMXFxaeDg4P92dnZ\/uTk5P82Njb\/fn5+\/0JCQv8AAAD\/AAAA\/wAAAP8AAAD\/AQEB\/wUFBf\/IyMj\/6urq\/3V1df\/19fX\/5eXl2nl5eRUAAAAAAAAAAAAAAAAAAAAAAAAAAAAAAAAAAAAAAAAAAAAAAAAAAAAAAAAAAAAAAADLy8uq\/\/\/\/\/f\/\/\/\/\/Pz8\/\/TExM\/yoqKv9bW1v\/1dXV\/\/\/\/\/\/\/\/\/\/\/\/\/\/\/\/\/\/\/\/\/\/\/\/\/\/\/\/\/Pz8\/5ycnP82Njb\/Ozs7\/3Fxcf\/+\/v7+\/v7+\/f7+\/v7e3t6oAAAAAAAAAAAAAAAAAAAAAMfHx2T8\/Pz8\/f39\/v\/\/\/\/\/\/\/\/\/\/\/\/\/\/\/\/\/\/\/\/\/\/\/\/\/\/\/\/\/\/\/\/\/\/\/\/\/\/\/\/\/\/\/\/\/\/\/\/\/\/\/\/\/\/\/\/\/\/\/\/\/\/\/\/\/\/\/\/\/\/\/\/\/\/i4uL\/7S0tP\/+\/v7\/\/v7+\/vz8\/P6ioqJjAAAAAAAAAAAAAAAAAAAAAAAAAAAAAAAAAAAAAAAAAADr6+sn+\/v77v\/\/\/\/\/+\/v7\/\/f38\/\/\/\/\/\/+5trP\/Jx0V\/9XS0P\/\/\/\/\/\/\/\/\/\/\/5eQjP81LCj\/5eTg\/\/\/\/\/\/\/+\/\/\/\/\/\/\/\/\/\/\/\/\/\/\/\/\/\/\/\/7OzsaQAAAACkpKQt8PDw6f\/\/\/\/68urj\/UEtI\/+\/t7P\/\/\/\/\/\/\/v7+\/\/7\/\/v\/+\/\/7\/\/f\/9\/\/7+\/f\/9\/v3\/\/\/\/\/\/7Guq\/9UT0n\/8fHw\/\/z8\/Pz9\/f39s7OzjAAAAAAAAAAAAAAAAAAAAAAAAAAAAAAAAAAAAACzs7OKoaGh\/mVlZf7Ly8v\/+\/v7\/8bGxv8MDAz\/AAAA\/wAAAP8AAAD\/AAAA\/wAAAP84ODj\/0NDQ\/3R0dP+NjY3\/\/f39\/+fn570AAAAFAAAAAAAAAAAAAAAAAAAAAAAAAAAAAAAAAAAAAAAAAAAAAAAAAAAAAAAAAAAAAAAAy8vLrP\/\/\/\/3\/\/\/\/\/1NTU\/yAgIP+2trb\/sbGx\/1BQUP+goKD\/\/\/\/\/\/\/\/\/\/\/\/\/\/\/\/\/5OTk\/3Fxcf9mZmb\/5ubm\/09PT\/9TU1P\/\/\/\/\/\/\/\/\/\/\/3+\/v7+4ODgowAAAAAAAAAAAAAAAAAAAAC8vLxb\/Pz8\/P39\/f7\/\/\/\/\/\/\/\/\/\/\/\/\/\/\/\/\/\/\/\/\/\/\/\/\/\/\/\/\/\/\/\/\/\/\/\/\/\/\/\/\/\/\/\/\/\/\/\/\/\/\/\/\/\/\/\/\/\/\/\/\/\/\/\/\/\/\/\/\/\/\/\/\/\/42Njf+2trb\/\/v7+\/\/7+\/v77+\/v+ra2tagAAAAAAAAAAAAAAAAAAAAAAAAAAAAAAAAAAAAAAAAAA6urqJfz8\/Oz\/\/\/\/\/\/\/\/\/\/\/7+\/v\/\/\/\/\/\/n5yZ\/3ZxbP90cG3\/6efn\/8fFxP9tZ2L\/cWtk\/8\/Nyv\/\/\/\/\/\/\/v\/9\/\/\/\/\/v\/\/\/\/\/\/\/v7+\/+7u7lwAAAAC0dHRev7+\/v\/7+\/r+ZmJb\/6mno\/\/\/\/\/\/\/\/P38\/\/3+\/f\/\/\/v3\/\/v79\/\/7\/\/P\/\/\/\/7\/\/v\/9\/\/n6+\/\/29fX\/bGZf\/7m2sv\/\/\/\/79\/Pz8\/p2dnWgAAAAAAAAAAAAAAAAAAAAAAAAAAAAAAAAAAAAAsrKybcvLy\/9sbGz+iIiI\/7a2tv9WVlb\/FBQU\/wkJCf8AAAD\/AAAA\/wEBAf8FBQX\/lJSU\/5OTk\/9+fn7\/sbGx\/\/\/\/\/\/\/r6+uWAAAAAAAAAAAAAAAAAAAAAAAAAAAAAAAAAAAAAAAAAAAAAAAAAAAAAAAAAAAAAAAAAAAAANvb26\/\/\/\/\/+\/\/\/\/\/szMzP8tLS3\/6Ojo\/\/\/\/\/\/\/i4uL\/bW1t\/3Fxcf\/v7+\/\/wMDA\/0xMTP+ioqL\/\/f39\/\/\/\/\/\/+RkZH\/TU1N\/\/\/\/\/\/\/\/\/\/\/9\/\/\/\/\/eDg4J4AAAAAAAAAAAAAAAAAAAAAsLCwUfv7+\/39\/f3+\/\/\/\/\/\/\/\/\/\/\/\/\/\/\/\/\/\/\/\/\/\/\/\/\/\/\/\/\/\/\/\/6+vr\/9LS0v\/AwMD\/r6+v\/6SkpP+enp7\/mZmZ\/5aWlv9XV1f\/vb29\/\/7+\/v\/+\/v7++\/v7\/bOzs3IAAAAAAAAAAAAAAAAAAAAAAAAAAAAAAAAAAAAAAAAAAPDw8CP8\/Pzq\/\/\/\/\/\/\/\/\/\/\/\/\/\/\/\/393a\/2xoZP\/4+Pf\/xcK\/\/1lSTv9qZF\/\/5uXi\/9XUz\/9zcGz\/+fn4\/\/\/\/\/f\/\/\/\/7\/\/\/\/\/\/\/v7+\/7X19dTnZ2dGunp6dv9\/f3\/3tzb\/1pUTv\/k5OH\/+\/39\/\/7\/\/v\/9\/\/\/\/\/\/\/\/\/\/\/\/\/\/\/\/\/\/\/\/\/\/\/\/\/\/\/\/\/v\/+\/v7\/\/\/\/\/\/6yppP+AfHf\/+vv7\/vz8\/P+ZmZlGAAAAAAAAAAAAAAAAAAAAAAAAAAAAAAAAAAAAALm5uVTp6en\/enp6\/\/7+\/v+vr6\/\/ExMT\/2tra\/8eHh7\/LS0t\/wAAAP8AAAD\/Ozs7\/\/Dw8P\/39\/f\/ioqK\/8fHx\/36+vr+vr6+agAAAAAAAAAAAAAAAAAAAAAAAAAAAAAAAAAAAAAAAAAAAAAAAAAAAAAAAAAAAAAAAAAAAADh4eGw\/\/\/\/\/v\/\/\/\/7Hx8f\/SEhI\/+3t7f\/7+\/v\/\/\/\/\/\/\/7+\/v+Xl5f\/JiYm\/0hISP\/V1dX\/\/\/\/\/\/\/7+\/v\/+\/v7\/tLS0\/1FRUf\/\/\/\/\/\/\/v7+\/f7+\/v3Nzc2aAAAAAAAAAAAAAAAAAAAAAKqqqkj8\/Pz+\/f39\/v\/\/\/\/\/\/\/\/\/\/\/\/\/\/\/\/T09P+qqqr\/d3d3\/35+fv+RkZH\/n5+f\/62trf+1tbX\/ubm5\/7q6uv+7u7v\/a2tr\/7q6uv\/+\/v7\/\/v7+\/vv7+\/20tLR6AAAAAAAAAAAAAAAAAAAAAAAAAAAAAAAAAAAAAAAAAAD4+Pgi\/Pz86f\/\/\/\/\/+\/v7\/\/\/\/\/\/4mEgP+0sa7\/\/\/\/\/\/9TSz\/9KRD3\/amNf\/\/Hw8P\/\/\/\/\/\/g4B8\/7e2s\/\/\/\/\/\/\/\/v\/\/\/\/\/\/\/\/\/5+fn7zc3KSLi4uH7+\/v7\/\/v7\/\/8zKyf9qZV3\/7+\/t\/\/n7+v\/\/\/v7\/\/\/\/\/\/\/\/\/\/\/\/\/\/\/\/\/\/\/\/\/\/\/\/\/\/\/\/\/\/\/7\/\/\/\/+\/\/\/\/\/\/\/Fw7\/\/bWli\/\/b29f\/3+Pf1v7+\/KAAAAAAAAAAAAAAAAAAAAAAAAAAAAAAAAAAAAADLy8s77u7u\/XV1df\/i4uL\/SEhI\/0RERP9JSUn\/SUlJ\/01NTf85OTn\/ExMT\/6qqqv\/\/\/\/\/\/+\/v7\/3d3d\/\/l5eX++Pj4+pubmz0AAAAAAAAAAAAAAAAAAAAAAAAAAAAAAAAAAAAAAAAAAAAAAAAAAAAAAAAAAAAAAAAAAAAA39\/fsv\/\/\/\/7\/\/\/\/+yMjI\/0JCQv\/t7e3\/\/Pz8\/\/\/\/\/\/\/c3Nz\/bGxs\/3BwcP9lZWX\/lJSU\/\/r6+v\/\/\/\/\/\/\/\/\/\/\/66urv9QUFD\/\/\/\/\/\/\/7+\/v3+\/v79ycnJlgAAAAAAAAAAAAAAAAAAAACmpqY\/\/Pz8\/\/39\/f7+\/v7\/\/\/\/\/\/9XV1f9xcXH\/k5OT\/9ra2v\/5+fn\/\/\/\/\/\/\/\/\/\/\/\/\/\/\/\/\/\/\/\/\/\/\/\/\/\/\/\/\/\/\/\/\/\/\/\/\/\/4+Pj\/+1tbX\/\/v7+\/\/7+\/v77+\/v9v7+\/gwAAAAAAAAAAAAAAAAAAAAAAAAAAAAAAAAAAAAAAAAAA8PDwIf39\/ef\/\/\/\/\/\/\/\/\/\/9HOzP90bmr\/\/v7+\/83Lyf9kXln\/2NbU\/7a1s\/9va2f\/7e3p\/9\/e3f9uaWL\/8\/Py\/\/7\/\/\/\/\/\/\/\/\/+vr6+MHBwT7Pz8+2\/\/\/\/\/\/\/\/\/\/7Lycj\/a2Rd\/\/Dv7v\/6+vv\/\/\/7+\/\/7\/\/\/\/\/\/\/\/\/\/\/\/\/\/\/\/\/\/\/\/\/\/\/\/\/\/\/\/+\/\/\/\/\/f\/+\/\/\/\/xsTA\/29qY\/77+\/v+6erp3si8vBcAAAAAAAAAAAAAAAAAAAAAAAAAAAAAAAAAAAAAyMjIKvb29vOQkJD+pqam\/x8fH\/9vb2\/\/Ghoa\/3R0dP8nJyf\/enp6\/0pKSv\/19fX\/\/\/\/\/\/+vr6\/95eXn\/\/v7+\/\/b29uqtra0ZAAAAAAAAAAAAAAAAAAAAAAAAAAAAAAAAAAAAAAAAAAAAAAAAAAAAAAAAAAAAAAAAAAAAAN\/f37X\/\/\/\/+\/\/\/\/\/9HR0f4hISH\/4+Pj\/\/z8\/P+rq6v\/T09P\/6ysrP\/\/\/\/\/\/7e3t\/3BwcP9oaGj\/29vb\/\/\/\/\/\/95eXn\/S0tL\/\/\/\/\/\/\/+\/v79\/f39\/c3NzY8AAAAAAAAAAAAAAAAAAAAAqqqqNv\/\/\/\/\/+\/v7+\/v7+\/+Hh4f9iYmL\/z8\/P\/\/\/\/\/\/\/\/\/\/\/\/\/\/\/\/\/6ioqP82Njb\/wMDA\/\/\/\/\/\/\/+\/v7\/\/v7+\/\/7+\/v+Li4v\/tra2\/\/7+\/v\/+\/v7+\/Pz8\/L29vYsAAAAAAAAAAAAAAAAAAAAAAAAAAAAAAAAAAAAAAAAAAO\/v7yD8\/Pzl\/\/\/\/\/\/78+f98eXX\/zMvK\/9fV0v9qZ2L\/19bU\/\/\/\/\/\/\/\/\/\/\/\/rqyp\/3BtZv\/49\/b\/mZeU\/6ekof\/\/\/\/\/\/\/\/\/\/\/\/r6+vbJyck0goKCK+bn59f9\/f3\/2tnY\/l1XUf\/m5eT\/+vv8\/\/\/\/\/v\/\/\/\/\/\/\/\/\/\/\/\/\/\/\/\/\/\/\/\/\/\/\/\/\/\/\/\/\/\/\/v\/\/\/\/7\/\/\/\/\/\/7Kvqv99eHP+\/\/\/\/\/9XW1sFmd3cPAAAAAAAAAAAAAAAAAAAAAAAAAAAAAAAAAAAAAKqqqiH39\/fmqKio\/q6urv\/Jycn\/OTk5\/0lJSf89PT3\/YGBg\/0BAQP+urq7\/\/\/\/\/\/\/7+\/v\/Gxsb\/hYWF\/\/7+\/v\/c3NzDQEBADAAAAAEAAAAAAAAAAAAAAAAAAAAAAAAAAAAAAAAAAAAAAAAAAAAAAAAAAAAAAAAAAAAAAADg4OC2\/\/\/\/\/v\/\/\/\/\/U1NT+LS0t\/46Ojv9+fn7\/W1tb\/9bW1v\/\/\/\/\/\/\/\/\/\/\/\/\/\/\/\/\/\/\/\/\/\/pKSk\/05OTv+wsLD\/R0dH\/11dXf\/+\/v7\/\/v7+\/f39\/f3KysqLAAAAAAAAAAAAAAAAAAAAALGxsS7\/\/\/\/\/\/v7+\/\/\/\/\/\/+Dg4P\/s7Oz\/\/\/\/\/\/\/+\/v7\/\/v7+\/\/\/\/\/\/+EhIT\/CwsL\/6Ojo\/\/\/\/\/\/\/\/\/\/\/\/\/7+\/v\/+\/v7\/i4uL\/7a2tv\/+\/v7\/\/v7+\/vz8\/P3Nzc2TAAAAAAAAAAAAAAAAAAAAAAAAAAAAAAAAAAAAAAAAAADMzMwe9vb24\/\/\/\/\/+8ubX\/a2Rf\/8XDv\/9OR0D\/sK2n\/9nX1v\/U09L\/1NPR\/9rZ1v+LhX\/\/aGNf\/8bEwf9bVlH\/5eXj\/\/\/\/\/\/\/8\/Pzy4uLiLAAAAADCxcVP9vb2+\/n4+P5eWFP\/vLm3\/\/\/\/\/\/\/9\/Pz\/\/v7\/\/\/\/\/\/\/\/\/\/\/7\/\/\/\/+\/\/\/\/\/\/\/\/\/\/7\/\/P38\/\/3+\/f91cWz\/rKmk\/v\/\/\/\/\/Ly8unAAAABgAAAAAAAAAAAAAAAAAAAAAAAAAAAAAAAAAAAABvb28X7u7u2MPDw\/+SkpL\/\/\/\/\/\/42Njf\/Jycn\/jIyM\/8\/Pz\/+wsLD\/+fn5\/\/\/\/\/\/\/\/\/\/\/\/q6ur\/6enp\/\/\/\/\/\/\/09PTmAAAAAIAAAABAAAAAAAAAAAAAAAAAAAAAAAAAAAAAAAAAAAAAAAAAAAAAAAAAAAAAAAAAAAAAAAA4eHhuf\/\/\/\/7\/\/\/\/\/1NTU\/kdHR\/8UFBT\/d3d3\/\/v7+\/\/\/\/\/\/\/\/\/\/\/\/\/\/\/\/\/\/\/\/\/\/\/\/\/\/\/\/\/\/\/\/\/\/Q0ND\/NDQ0\/zIyMv9tbW3\/\/\/\/\/\/\/7+\/v39\/f39t7e3hgAAAAAAAAAAAAAAAAAAAAC8vLwm\/v7+\/\/39\/f\/s7Oz\/bm5u\/+vr6\/\/\/\/\/\/\/\/\/\/\/\/\/\/\/\/\/\/\/\/\/\/\/9vb2\/9TU1P\/7+\/v\/\/\/\/\/\/\/\/\/\/\/\/\/\/\/\/\/\/\/\/\/\/4yMjP+2trb\/\/v7+\/\/7+\/v78\/Pz9z8\/PmwAAAAAAAAAAAAAAAAAAAAAAAAAAAAAAAAAAAAAAAAAAzMzEHvf39uL\/\/\/\/\/rquo\/1NMRv8\/NzD\/cWpk\/356df97dXL\/enVx\/3p2cf97d3H\/f3t2\/2VgWv84MCr\/ZF9a\/8\/Pzv\/\/\/\/\/\/+\/v77fHx8SUAAAABAAAAA9DQ0JT\/\/\/\/\/rquo\/V1XUP\/y8O3\/\/f38\/\/z+\/v\/+\/v7\/\/\/\/+\/\/\/\/\/v\/+\/v3\/\/v79\/\/\/\/\/v++vLr\/Uk5J\/+7t7P\/09fX0ra2tVwAAAAAAAAAAAAAAAAAAAAAAAAAAAAAAAAAAAAAAAAAAEhISDufn58vn5+f\/fX19\/\/\/\/\/\/\/\/\/\/\/\/\/\/\/\/\/\/\/\/\/\/\/\/\/\/\/\/\/\/\/\/\/\/\/\/\/\/\/\/\/\/\/\/\/\/\/\/\/5OTk\/\/Ly8v\/\/\/\/\/\/+Hh4W4AAAAAAAAAAAAAAAAAAAAAAAAAAAAAAAAAAAAAAAAAAAAAAAAAAAAAAAAAAAAAAAAAAAAAAAAAAODg4Lv\/\/\/\/++vr6\/YuLi\/43Nzf\/oKCg\/2tra\/+0tLT\/\/f39\/\/\/\/\/\/\/\/\/\/\/\/\/\/\/\/\/\/\/\/\/\/\/m5ub\/ioqK\/4GBgf+BgYH\/MDAw\/8\/Pz\/\/\/\/\/\/\/\/Pz8\/be3t4AAAAAAAAAAAAAAAAAAAAAAzMzMHvv7+\/v+\/v7\/3Nzc\/3Nzc\/\/q6ur\/8PDw\/\/Hx8f\/x8fH\/8fHx\/\/Ly8v\/29vb\/8vLy\/\/Hx8f\/x8fH\/8PDw\/\/Hx8f+CgoL\/tbW1\/\/7+\/v\/+\/v7+\/f39\/dfX16EAAAAAAAAAAAAAAAAAAAAAAAAAAAAAAAAAAAAAAAAAAMjIyBz39\/fg\/\/\/\/\/93c2f9rZmH\/zsvJ\/\/\/\/\/\/\/\/\/\/\/\/\/\/\/\/\/\/\/\/\/v\/\/\/\/\/\/\/\/\/+\/\/\/\/\/\/\/+\/v3\/pKCd\/396dP\/29fP\/\/\/\/\/\/\/v7++fo8PAhAAAAAQAAAAFsbGwa6uzq0v38\/P9saGL+eXVw\/vv7+v\/\/\/\/\/\/\/\/\/\/\/\/\/\/\/\/\/\/\/\/\/\/\/\/\/\/\/\/\/\/\/\/\/Z2NX\/TUhC\/7OvrP\/+\/\/7vtLSxXwAAAAQAAAABAAAAAAAAAAAAAAAAAAAAAAAAAAAAAAAAAAAAAAAAAATp6enC\/\/\/\/\/3Fxcf\/U1NT\/39\/f\/9\/f3\/\/f39\/\/39\/f\/9\/f3\/\/f39\/\/3t7e\/9nZ2f9wcHD\/3t7e\/vT09Pm4uLhIAAAAAAAAAAAAAAAAAAAAAAAAAAAAAAAAAAAAAAAAAAAAAAAAAAAAAAAAAAAAAAAAAAAAAAAAAADg4OC9+fn5\/nJycv5JSUn+c3Nz\/+vr6\/\/Nzc3\/YGBg\/1hYWP+ZmZn\/ubm5\/7Gxsf+AgID\/TExM\/42Njf\/s7Oz\/19fX\/0JCQv9OTk7\/sbGx\/P\/\/\/\/27u7t7AAAAAAAAAAAAAAAAAAAAAMrKyhj19fX1\/\/\/\/\/+vr6\/90dHT\/e3t7\/3x8fP98fHz\/fHx8\/3x8fP98fHz\/fHx8\/3x8fP98fHz\/fHx8\/3x8fP98fHz\/bm5u\/9TU1P\/\/\/\/\/\/\/\/\/\/\/v7+\/v3k5OSoAAAAAAAAAAAAAAAAAAAAAAAAAAAAAAAAAAAAAAAAAADGxsYb+vr63uXl4\/9nZGD\/x8XC\/\/\/\/\/\/\/+\/\/7\/\/\/\/\/\/\/\/\/\/\/\/\/\/\/\/\/\/\/\/\/\/\/\/\/\/\/\/\/\/\/\/\/\/v\/+\/\/\/\/\/\/+hnpv\/fHZy\/\/b08\/\/4+PjhysrTHQAAAAEAAAABAAAAALOzr0b4+Pn17u3r\/2RiX\/9xcG7\/y8nG\/\/f28f\/\/\/\/\/\/\/\/\/8\/+no5\/+tqqr\/TkpH\/6Sin\/\/x8fDbr6+vQwAAAAAAAAAAAAAAAQAAAAAAAAAAAAAAAAAAAAAAAAAAAAAAAAAAAAAAAAAAw8PDe+Pj48+enp7tiYmJ+5WVlf+Wlpb\/l5eX\/5WVlf+SkpL\/jo6O\/4yMjP+IiIj\/mJiY\/\/n5+f\/x8fHrbm5uJQAAAAAAAAABAAAAAAAAAAAAAAAAAAAAAAAAAAAAAAAAAAAAAAAAAAAAAAAAAAAAAAAAAAAAAAAA3Nzcv\/v7+\/7R0dH+2tra\/mlpaf9kZGT\/a2tr\/2BgYP9MTEz\/VVVV\/1tbW\/9ZWVn\/T09P\/1FRUf9paWn\/aGho\/1xcXP+Pj4\/\/5ubm\/9zc3Pz\/\/\/\/9tra2dgAAAAAAAAAAAAAAAAAAAADMzMwU8fHx7f7+\/v7\/\/\/\/\/\/\/\/\/\/\/7+\/v\/+\/v7\/\/f39\/\/39\/f\/9\/f3\/\/f39\/\/39\/f\/9\/f3\/\/f39\/\/39\/f\/+\/v7\/\/f39\/\/\/\/\/\/\/\/\/\/\/\/\/v7+\/\/7+\/v7+\/v794uLisAAAAAAAAAAAAAAAAAAAAAAAAAAAAAAAAAAAAAAAAAAAzMzWGfr6+tzo6OX\/09HN\/\/\/\/\/\/\/\/\/\/7\/\/\/\/9\/\/\/\/\/v\/\/\/\/\/\/\/\/\/\/\/\/\/\/\/\/\/\/\/\/\/\/\/\/\/\/\/\/\/\/\/\/\/\/\/\/\/\/\/\/\/\/\/7m1sv\/w7+z\/+fn53b+\/vxgAAAAAAAAAAAAAAAEAAAADz8\/Pivr7+\/739\/X\/n56c\/1RRTf9eWlP\/cW1m\/2xoYv9STUn\/Z2Jg\/87My\/\/j4+O5t7GxJwAAAAAAAAAAAAAAAAAAAAAAAAAAAAAAAAAAAAAAAAAAAAAAAAAAAAAAAAAAAAAAAAAAAAKAgIAKra2tHJiYmD7GxsZm8PDwjOjo6LLg4ODN6enp6Pj4+P7\/\/\/\/\/\/\/\/\/\/\/\/\/\/\/\/\/\/\/\/\/9fX11hwcHAkAAAAAAAAAAQAAAAAAAAAAAAAAAAAAAAAAAAAAAAAAAAAAAAAAAAAAAAAAAAAAAAAAAAAAAAAAAPLy8sr\/\/\/\/\/\/\/\/\/\/\/\/\/\/\/\/\/\/\/\/\/\/\/\/\/\/\/\/\/\/\/\/\/\/\/\/\/\/\/\/\/\/\/\/\/\/\/\/\/\/\/\/\/\/\/\/\/\/\/\/\/\/\/\/\/\/\/\/\/\/\/\/\/\/\/\/\/\/\/\/\/\/\/\/\/\/\/\/\/\/\/\/\/\/\/\/+\/v78\/Pz8\/aampnAAAAAAAAAAAAAAAAAAAAAAqqqqEuvr6+X+\/v7+\/v7+\/\/\/\/\/\/\/\/\/\/\/\/\/\/\/\/\/\/\/\/\/\/\/\/\/\/\/\/\/\/\/\/\/\/\/\/\/\/\/\/\/\/\/\/\/\/\/\/\/\/\/\/\/\/\/\/\/\/\/\/\/\/\/\/\/\/\/\/\/\/\/\/\/\/\/\/\/\/\/\/\/\/\/\/\/\/\/\/\/\/\/+\/v7+\/vf397cAAAAAAAAAAAAAAAAAAAAAAAAAAAAAAAAAAAAAAAAAAL+\/yhj39\/fc\/\/\/\/\/\/\/\/\/\/\/\/\/\/\/\/\/\/\/\/\/\/\/\/\/\/\/\/\/\/\/\/\/\/\/\/\/\/\/\/\/\/\/\/\/\/\/\/\/Pz8\/\/v7+\/36+vr6+vr79\/v7+\/X\/\/\/\/z\/\/\/\/8fX19cahoaETAAAAAAAAAAAAAAAAAAAAAFpaWhGhoZ+Arq6tm729u6ajo5+yjYqFvoaFgMqWlJDUurm33vPx8O\/S0tSTcXGAEgAAAAAAAAAAAAAAAAAAAAAAAAAAAAAAAAAAAAAAAAAAAAAAAAAAAAAAAAAAAAAAAAAAAAAAAAAAAAAAAAAAAAAAAAAAAAAAAAAAAAAAAAAAIiIiD7KysiHFxcU+qqqqb8DAwKXq6urc\/\/\/\/\/9\/f37IAAAABAAAAAQAAAAAAAAAAAAAAAAAAAAAAAAAAAAAAAAAAAAAAAAAAAAAAAAAAAAAAAAAAAAAAAAAAAADOzs6WysrKxdvb28ng4ODO4ODg09\/f39jm5ubc\/f394v\/\/\/+n\/\/\/\/w\/\/\/\/+P\/\/\/\/7\/\/\/\/\/\/\/\/\/\/\/\/\/\/\/\/\/\/\/\/\/\/\/\/\/\/\/\/\/\/\/\/+\/v7\/\/Pz8\/Pz8\/P2lpaVsAAAAAAAAAAAAAAAAAAAAAIiIiA\/m5ube\/f39\/\/7+\/v\/\/\/\/\/\/\/\/\/\/\/\/\/\/\/\/\/\/\/\/\/\/\/\/\/\/\/\/\/\/\/\/\/\/\/\/\/\/\/\/\/\/\/\/\/\/\/\/\/\/\/\/\/\/\/\/\/\/\/\/\/\/\/\/\/\/\/\/\/\/\/\/\/\/\/\/\/\/\/\/\/\/\/\/\/\/\/\/\/\/\/\/\/\/\/\/7\/\/\/\/AAAAAAAAAAAAAAAAAAAAAAAAAAAAAAAAAAAAAAAAAAAC2trYV6+vrwuLi4tLj4+O\/0dHRsNXV1Z\/V1dWQ4eHhfvj4+G7\/\/\/9l+vr6Xd7e3lTX19dNx8fHRMDAwD3Jyck05+fnK\/n5+Sj39\/ce\/\/\/\/AgARAQAAAwAAAAEAiAAAAQEAAwAAAAEAFAAAAQIAAwAAAAQAACt4AQMAAwAAAAEAAQAAAQYAAwAAAAEAAgAAAQoAAwAAAAEAAQAAAREABAAAAAEAAAAmARIAAwAAAAEAAQAAARUAAwAAAAEABAAAARYAAwAAAAEAFAAAARcABAAAAAEAACqAARwAAwAAAAEAAQAAASgAAwAAAAEAAgAAAVIAAwAAAAEAAgAAAVMAAwAAAAQAACuAh2kABAAAAAEAAAAIh3MABwAAAiQAACuIAAAAAAAIAAgACAAIAAEAAQABAAEAAAIkYXBwbAQAAABtbnRyUkdCIFhZWiAH4QAHAAcADQAWACBhY3NwQVBQTAAAAABBUFBMAAAAAAAAAAAAAAAAAAAAAAAA9tYAAQAAAADTLWFwcGzKGpWCJX8QTTiZE9XR6hWCAAAAAAAAAAAAAAAAAAAAAAAAAAAAAAAAAAAAAAAAAApkZXNjAAAA\/AAAAGVjcHJ0AAABZAAAACN3dHB0AAABiAAAABRyWFlaAAABnAAAABRnWFlaAAABsAAAABRiWFlaAAABxAAAABRyVFJDAAAB2AAAACBjaGFkAAAB+AAAACxiVFJDAAAB2AAAACBnVFJDAAAB2AAAACBkZXNjAAAAAAAAAAtEaXNwbGF5IFAzAAAAAAAAAAAAAAAAAAAAAAAAAAAAAAAAAAAAAAAAAAAAAAAAAAAAAAAAAAAAAAAAAAAAAAAAAAAAAAAAAAAAAAAAAAAAAAAAAAAAAAAAAAAAAHRleHQAAAAAQ29weXJpZ2h0IEFwcGxlIEluYy4sIDIwMTcAAFhZWiAAAAAAAADzUQABAAAAARbMWFlaIAAAAAAAAIPfAAA9v\/\/\/\/7tYWVogAAAAAAAASr8AALE3AAAKuVhZWiAAAAAAAAAoOAAAEQsAAMi5cGFyYQAAAAAAAwAAAAJmZgAA8qcAAA1ZAAAT0AAACltzZjMyAAAAAAABDEIAAAXe\/\/\/zJgAAB5MAAP2Q\/\/\/7ov\/\/\/aMAAAPcAADAbg==\" \/><\/p>\n<p>Lavage \u00e0 la main uniquement, Lavage \u00e0 la main \u00e0 froid, Ne pas s\u00e9cher au s\u00e8che-linge, Convient au nettoyage \u00e0 sec, Repasser \u00e0 basse temp\u00e9rature, Ne pas blanchir. Lavez les tissus color\u00e9s s\u00e9par\u00e9ment avec une petite quantit\u00e9 de d\u00e9tergent \u00e0 lessive.<\/p>\n<hr \/>\n<p>Le mannequin porte un S<\/p>\n<p>Ce mod\u00e8le est disponible en\u00a0: \u00a0 S\/36 \u00a0M\/38 \u00a0 L\/40<\/p>\n<hr \/>\n<p><strong>Guide des tailles<\/strong><\/p>\n<p><strong>\u00a0 \u00a0 \u00a0 \u00a0 \u00a0 \u00a0 \u00a0 \u00a0XS\/34 \u00a0 S\/36 \u00a0\u00a0M\/38 \u00a0 L\/40 \u00a0 XL\/42<\/strong><\/p>\n<p><strong>Buste<\/strong>\u00a0 \u00a0 \u00a0 \u00a0 80 \u00a0 \u00a0 \u00a0 \u00a0 84 \u00a0 \u00a0 \u00a0 \u00a088 \u00a0 \u00a0 \u00a0 \u00a0 \u00a092 \u00a0 \u00a0 \u00a0 \u00a0 \u00a0 96 \u200b<\/p>\n<p><strong>Taille\u00a0<\/strong>\u00a0 \u00a0 \u00a0 \u00a0 62 \u00a0 \u00a0 \u00a0 \u00a0 66 \u00a0 \u00a0 \u00a0 \u00a0 70 \u00a0 \u00a0 \u00a0 \u00a0 \u00a074 \u00a0 \u00a0 \u00a0 \u00a0 \u00a0 78 \u200b<\/p>\n<p><strong>Hanche<\/strong>\u00a0 \u00a0 \u00a086 \u00a0 \u00a0 \u00a0 \u00a0 90 \u00a0 \u00a0 \u00a0 \u00a094 \u00a0 \u00a0 \u00a0 \u00a0 \u00a098 \u00a0 \u00a0 \u00a0 \u00a0 \u00a0 102<\/p>\n<p>&nbsp;<\/p>\n<p><img loading=\"lazy\" decoding=\"async\" class=\"alignnone size-full wp-image-278\" src=\"https:\/\/i0.wp.com\/www.christinaprieth.com\/wp-content\/uploads\/2019\/04\/electric-blue-dress-01-02-02.jpg?resize=233%2C271&amp;ssl=1\" alt=\"\" width=\"233\" height=\"271\" \/><\/p>\n<p>Comment prendre vos mensurations ?<\/p>\n<p>A. TOUR DE POITRINE<\/p>\n<p>Pour mesurer votre tour de poitrine, placez le m\u00e8tre ruban au point le plus large de votre poitrine sous vos bras.<\/p>\n<p>B. TOUR DE TAILLE<\/p>\n<p>Pour mesurer votre tour de taille, placez le ruban \u00e0 mesurer au point le plus \u00e9troit de votre nombril.<\/p>\n<p>C.HIP CERCLE<\/p>\n<p>Pour mesurer votre tour de hanches, placez le m\u00e8tre ruban au point le plus large de votre bassin.<\/p>\n<div class=\"wpb_wrapper\">\n<hr \/>\n<\/div>\n<p><strong>TAILLE &amp; COUPE<\/strong><br \/>\nCe mod\u00e8le taille normalement.<br \/>\nNous vous conseillons de prendre votre taille habituelle.<br \/>\nPour plus d&#8217;informations, veuillez consulter le guide des tailles.<\/p>\n<p><strong>LIVRAISON<\/strong><\/p>\n<p>Trois options de livraison rapides et s\u00e9curis\u00e9es sont disponibles\u00a0:<\/p>\n<p>Livraison standard avec Colissimo\/DHL\/UPS<\/p>\n<p>Livraison express avec Colissimo\/DHL\/UPS<\/p>\n<p>Service de point de retrait<\/p>\n<p>&nbsp;<\/p>\n<p>D\u00e9lai de livraison : 5 \u00e0 7 jours ouvr\u00e9s \u00e0 compter du lendemain de la passation de la commande par l&#8217;acheteur.<\/p>\n<p>&nbsp;<\/p>\n<p><strong>RETOUR OU ECHANGE<\/strong><br \/>\nUne option de retour ou d&#8217;\u00e9change est disponible dans les 14 jours \u00e0 compter de la date de r\u00e9ception de votre commande.<br \/>\nPour plus d&#8217;informations, veuillez consulter nos Termes et Conditions.<\/p>\n<p>&nbsp;<\/p>\n<p>&nbsp;<\/p>\n<p>&nbsp;<\/p>\n","protected":false},"excerpt":{"rendered":"<p>&nbsp;<\/p>\n<p><strong>Robe tr\u00e8s chic, en lurex noir avec broderie dentelle lurex, perles et cristaux color\u00e9s comme un corail du fond de la mer, cintr\u00e9e, \u00e0 pinces, cr\u00e9ant une forme tr\u00e8s \u00e9l\u00e9gante au corps, id\u00e9ale pour une soir\u00e9e.<\/strong><\/p>\n<p><strong>\u00c9CONOMIE \u00c9QUITABLE<\/strong><\/p>\n<p><strong>Christina Prieth produit \u00e0 partir de tissus inutilis\u00e9s, nous r\u00e9utilisons des stocks, appel\u00e9s \u00abstocks morts\u00bb, afin de minimiser l&#8217;\u00e9norme fardeau environnemental li\u00e9 \u00e0 la cr\u00e9ation de nouveaux tissus. Christina Prieth produit localement pour r\u00e9duire les co\u00fbts de transport, moins de pollution et contribuer \u00e0 l&#8217;\u00e9conomie locale.<\/strong><\/p>\n","protected":false},"featured_media":647,"comment_status":"closed","ping_status":"closed","template":"","meta":[],"product_cat":[35,59],"product_tag":[],"class_list":{"0":"post-4722","1":"product","2":"type-product","3":"status-publish","4":"has-post-thumbnail","6":"product_cat-collection-couture","7":"product_cat-dress-1-fr","9":"first","10":"instock","11":"taxable","12":"shipping-taxable","13":"purchasable","14":"product-type-variable"},"_links":{"self":[{"href":"https:\/\/www.christinaprieth.com\/fr\/wp-json\/wp\/v2\/product\/4722"}],"collection":[{"href":"https:\/\/www.christinaprieth.com\/fr\/wp-json\/wp\/v2\/product"}],"about":[{"href":"https:\/\/www.christinaprieth.com\/fr\/wp-json\/wp\/v2\/types\/product"}],"replies":[{"embeddable":true,"href":"https:\/\/www.christinaprieth.com\/fr\/wp-json\/wp\/v2\/comments?post=4722"}],"wp:featuredmedia":[{"embeddable":true,"href":"https:\/\/www.christinaprieth.com\/fr\/wp-json\/wp\/v2\/media\/647"}],"wp:attachment":[{"href":"https:\/\/www.christinaprieth.com\/fr\/wp-json\/wp\/v2\/media?parent=4722"}],"wp:term":[{"taxonomy":"product_cat","embeddable":true,"href":"https:\/\/www.christinaprieth.com\/fr\/wp-json\/wp\/v2\/product_cat?post=4722"},{"taxonomy":"product_tag","embeddable":true,"href":"https:\/\/www.christinaprieth.com\/fr\/wp-json\/wp\/v2\/product_tag?post=4722"}],"curies":[{"name":"wp","href":"https:\/\/api.w.org\/{rel}","templated":true}]}}