{"id":4708,"date":"2021-08-22T14:19:35","date_gmt":"2021-08-22T12:19:35","guid":{"rendered":"https:\/\/www.christinaprieth.com\/product\/manhattan-dress\/"},"modified":"2024-01-18T17:40:04","modified_gmt":"2024-01-18T16:40:04","slug":"manhattan-dress","status":"publish","type":"product","link":"https:\/\/www.christinaprieth.com\/fr\/produit\/manhattan-dress\/","title":{"rendered":"MANHATTAN DRESS"},"content":{"rendered":"<p>Robe noire droite en dessous du genou, design cr\u00e9atif avec un effet futuriste du dos \u00e0 hauteur d&#8217;\u00e9paule, avec une jolie d\u00e9coupe qui expose les omoplates, il y a un col roul\u00e9 sur le dos uniquement.<\/p>\n<p>Sans manches.<\/p>\n<p>Ajust\u00e9 au corps, avec pince avant et\u00a0pince arri\u00e8re<\/p>\n<p>Robe droite en dessous du genou.<\/p>\n<p>Types de tissu Cheveux, texture douce.<\/p>\n<p>Col en V.<\/p>\n<p>Doublure noire.<\/p>\n<p>Fermeture \u00e9clair invisible au dos.<\/p>\n<hr \/>\n<p><strong>INFORMATIONS ET SOIN\u00a0<\/strong><\/p>\n<p>Nylon 63% M\u00e9tallis\u00e9 37<\/p>\n<p>Doublure Pes 80%. 20 EA%<\/p>\n<p>Lavage \u00e0 la main uniquement, Lavage \u00e0 la main \u00e0 froid, Ne pas s\u00e9cher au s\u00e8che-linge, Convient au nettoyage \u00e0 sec, Repasser \u00e0 basse temp\u00e9rature, Ne pas blanchir. Lavez les tissus color\u00e9s s\u00e9par\u00e9ment avec une petite quantit\u00e9 de d\u00e9tergent \u00e0 lessive.<br \/>\nPour mesurer votre tour de hanches, placez le m\u00e8tre ruban au point le plus large de votre bassin.<\/p>\n<hr \/>\n<p>Model is wearing a S<\/p>\n<p>This model available in: S\/36 M\/38 L\/40<\/p>\n<hr \/>\n<hr \/>\n<p><strong>Guide des tailles\u00a0\u00a0<\/strong><\/p>\n<p><strong>\u00a0 \u00a0 \u00a0 \u00a0 \u00a0 XS\/34 \u00a0 S\/36 \u00a0\u00a0M\/38 \u00a0 L\/40 \u00a0 XL\/42<\/strong><\/p>\n<p><strong>Bust<\/strong> \u00a0 \u00a0 80 \u00a0 \u00a0 \u00a0 \u00a0 84 \u00a0 \u00a0 \u00a0 \u00a088 \u00a0 \u00a0 \u00a0 \u00a0 \u00a092 \u00a0 \u00a0 \u00a0 \u00a0 \u00a0 96 \u200b<\/p>\n<p><strong>Waist<\/strong> \u00a0 62 \u00a0 \u00a0 \u00a0 \u00a0 66 \u00a0 \u00a0 \u00a0 \u00a0 70 \u00a0 \u00a0 \u00a0 \u00a0 \u00a074 \u00a0 \u00a0 \u00a0 \u00a0 \u00a0 78 \u200b<\/p>\n<p><strong>Hip<\/strong> \u00a0 \u00a0 \u00a0 86 \u00a0 \u00a0 \u00a0 \u00a0 90 \u00a0 \u00a0 \u00a0 \u00a094 \u00a0 \u00a0 \u00a0 \u00a0 \u00a098 \u00a0 \u00a0 \u00a0 \u00a0 \u00a0 102<\/p>\n<p>&nbsp;<\/p>\n<p>TAILLE &amp; COUPE<\/p>\n<p>Ce mod\u00e8le taille normalement.<br \/>\nNous vous conseillons de prendre votre taille habituelle.<br \/>\nPour plus d&#8217;informations, veuillez consulter le guide des tailles.<\/p>\n<p>&nbsp;<\/p>\n<p><img loading=\"lazy\" decoding=\"async\" class=\"alignnone size-full wp-image-277\" src=\"https:\/\/i0.wp.com\/www.christinaprieth.com\/wp-content\/uploads\/2019\/04\/electric-blue-dress-01-02-02.jpg?resize=233%2C271&amp;ssl=1\" alt=\"\" width=\"233\" height=\"271\" \/><\/p>\n<p>Comment prendre vos mensurations ?<\/p>\n<p>A. TOUR DE POITRINE<\/p>\n<p>Pour mesurer votre tour de poitrine, placez le m\u00e8tre ruban au point le plus large de votre poitrine sous vos bras.<\/p>\n<p>B. TOUR DE TAILLE<\/p>\n<p>Pour mesurer votre tour de taille, placez le ruban \u00e0 mesurer au point le plus \u00e9troit de votre nombril.<\/p>\n<p>C.HIP CERCLE<\/p>\n<p>Pour mesurer votre tour de hanches, placez le m\u00e8tre ruban au point le plus large de votre bassin.<\/p>\n<p><strong>LIVRAISON<\/strong><br \/>\nTrois options de livraison rapide et s\u00e9curis\u00e9e sont disponibles :<\/p>\n<p>-Livraison standard avec Colissimo\/DHL\/UPS<br \/>\n-Livraison express avec Colissimo\/DHL\/UPS<br \/>\n-Option service de point de retrait<\/p>\n<p>D\u00e9lai de livraison en Broderie Robe \u00e0 la main : 3 \u00e0 5 jours ouvr\u00e9s \u00e0 compter du lendemain de la passation de la commande par l&#8217;acheteur.<\/p>\n<p>RETOUR OU ECHANGE<br \/>\nUne option de retour ou d&#8217;\u00e9change est disponible dans les 14 jours \u00e0 compter de la date de r\u00e9ception de votre commande.<br \/>\nPour plus d&#8217;informations, veuillez consulter nos Termes et Conditions.<\/p>\n<p>&nbsp;<\/p>\n<hr \/>\n<p>INFORMATIONS ET SOIN :<\/p>\n<p>Nylon 63% M\u00e9tallis\u00e9 37<\/p>\n<p>Doublure Pes 80%. 20 EA%<\/p>\n<p>Lavage \u00e0 la main uniquement, Lavage \u00e0 la main \u00e0 froid, Ne pas s\u00e9cher au s\u00e8che-linge, Convient au nettoyage \u00e0 sec, Repasser \u00e0 basse temp\u00e9rature, Ne pas blanchir. Lavez les tissus color\u00e9s s\u00e9par\u00e9ment avec une petite quantit\u00e9 de d\u00e9tergent \u00e0 lessive.<br \/>\nPour mesurer votre tour de hanches, placez le m\u00e8tre ruban au point le plus large de votre bassin.<\/p>\n<hr \/>\n<p>&nbsp;<\/p>\n<p>LIVRAISON<br \/>\nTrois options de livraison rapide et s\u00e9curis\u00e9e sont disponibles :<\/p>\n<p>Livraison standard avec Colissimo\/DHL<br \/>\nLivraison express avec Colissimo\/DHL<br \/>\nService de livraison<\/p>\n<p>D\u00e9lai de livraison en Broderie Robe \u00e0 la main : 3 \u00e0 5 jours ouvr\u00e9s \u00e0 compter du lendemain de la passation de la commande par l&#8217;acheteur.<\/p>\n<p>RETOUR OU ECHANGE<br \/>\nUne option de retour ou d&#8217;\u00e9change est disponible dans les 14 jours \u00e0 compter de la date de r\u00e9ception de votre commande.<br \/>\nPour plus d&#8217;informations, veuillez consulter nos Termes et Conditions.<\/p>\n<p>&nbsp;<\/p>\n<p>&nbsp;<\/p>\n<p>&nbsp;<\/p>\n","protected":false},"excerpt":{"rendered":"<p><strong>Sublime Black dress below the knee dress, creative design with a futuristic effect of the back at shoulder height<\/strong><\/p>\n<p><strong>Back: Creative back design at shoulder level, beautifully cut to show off the shoulder blades and with a rise towards the neck.<\/strong><\/p>\n<hr \/>\n<p><strong>Christina Prieth produces from unused fabrics, we reuse stock, called \u201cdead stock\u201d, to minimize the huge environmental burden of creating new fabrics. Christina Prieth produces locally to reduce transport costs, less pollution and to contribute to the local economy.<\/strong><\/p>\n","protected":false},"featured_media":675,"comment_status":"closed","ping_status":"closed","template":"","meta":[],"product_cat":[35,59],"product_tag":[],"class_list":{"0":"post-4708","1":"product","2":"type-product","3":"status-publish","4":"has-post-thumbnail","6":"product_cat-collection-couture","7":"product_cat-dress-1-fr","9":"first","10":"instock","11":"taxable","12":"shipping-taxable","13":"purchasable","14":"product-type-variable"},"_links":{"self":[{"href":"https:\/\/www.christinaprieth.com\/fr\/wp-json\/wp\/v2\/product\/4708"}],"collection":[{"href":"https:\/\/www.christinaprieth.com\/fr\/wp-json\/wp\/v2\/product"}],"about":[{"href":"https:\/\/www.christinaprieth.com\/fr\/wp-json\/wp\/v2\/types\/product"}],"replies":[{"embeddable":true,"href":"https:\/\/www.christinaprieth.com\/fr\/wp-json\/wp\/v2\/comments?post=4708"}],"wp:featuredmedia":[{"embeddable":true,"href":"https:\/\/www.christinaprieth.com\/fr\/wp-json\/wp\/v2\/media\/675"}],"wp:attachment":[{"href":"https:\/\/www.christinaprieth.com\/fr\/wp-json\/wp\/v2\/media?parent=4708"}],"wp:term":[{"taxonomy":"product_cat","embeddable":true,"href":"https:\/\/www.christinaprieth.com\/fr\/wp-json\/wp\/v2\/product_cat?post=4708"},{"taxonomy":"product_tag","embeddable":true,"href":"https:\/\/www.christinaprieth.com\/fr\/wp-json\/wp\/v2\/product_tag?post=4708"}],"curies":[{"name":"wp","href":"https:\/\/api.w.org\/{rel}","templated":true}]}}