{"id":4296,"date":"2021-02-01T14:16:02","date_gmt":"2021-02-01T13:16:02","guid":{"rendered":"https:\/\/www.christinaprieth.com\/sur-mesure\/"},"modified":"2024-02-16T16:59:46","modified_gmt":"2024-02-16T15:59:46","slug":"sur-mesure","status":"publish","type":"page","link":"https:\/\/www.christinaprieth.com\/fr\/sur-mesure\/","title":{"rendered":"S\u00dbR MESURE"},"content":{"rendered":"<div class=\"wpb-content-wrapper\"><p>[vc_row css_animation=&#8221;&#8221; row_type=&#8221;row&#8221; use_row_as_full_screen_section=&#8221;no&#8221; type=&#8221;grid&#8221; angled_section=&#8221;no&#8221; text_align=&#8221;left&#8221; background_image_as_pattern=&#8221;without_pattern&#8221; el_id=&#8221;mesure&#8221; z_index=&#8221;&#8221; css=&#8221;.vc_custom_1708099177226{background-color: #ffffff !important;}&#8221;][vc_column width=&#8221;2\/5&#8243;][vc_empty_space][vc_column_text el_class=&#8221;mesure&#8221;]<\/p>\n<p>Salut!!!!!<\/p>\n<p>Vous souhaitez une pi\u00e8ce unique pour un \u00e9v\u00e9nement particulier ? Envie d&#8217;un v\u00eatement unique con\u00e7u exclusivement pour ?<\/p>\n<p>La Maison Christina Prieth propose \u00e9galement la cr\u00e9ation &#8220;S\u00fbr mesure&#8221; afin de vous cr\u00e9er une pi\u00e8ce &#8220;splendide&#8221;:<br \/>\nDe la conception \u00e0 la r\u00e9alisation du mod\u00e8le.<\/p>\n<p>Si vous voulez plus d&#8217;info, merci de nous contacter en remplissant ce formulaire, nous vous recontacterons dans les plus brefs d\u00e9lais :<\/p>\n<p>[\/vc_column_text][\/vc_column][vc_column width=&#8221;1\/5&#8243;][\/vc_column][vc_column width=&#8221;2\/5&#8243;][vc_empty_space][vc_column_text]<\/p>\n<h2 class=\"u-text-1\">VOUS R\u00caVEZ D&#8217;UNE PI\u00c8CE UNIQUE?<br \/>\nMERCI DE NOUS CONTACTER EN REMPLISSANT CE FORMULAIRE<\/h2>\n<p>[\/vc_column_text][vc_empty_space]\n<div class=\"wpcf7 no-js\" id=\"wpcf7-f4840-o1\" lang=\"en-US\" dir=\"ltr\">\n<div class=\"screen-reader-response\"><p role=\"status\" aria-live=\"polite\" aria-atomic=\"true\"><\/p> <ul><\/ul><\/div>\n<form action=\"\/fr\/wp-json\/wp\/v2\/pages\/4296#wpcf7-f4840-o1\" method=\"post\" class=\"wpcf7-form init cf7_custom_style_1\" aria-label=\"Contact form\" novalidate=\"novalidate\" data-status=\"init\">\n<div style=\"display: none;\">\n<input type=\"hidden\" name=\"_wpcf7\" value=\"4840\" \/>\n<input type=\"hidden\" name=\"_wpcf7_version\" value=\"5.9.8\" \/>\n<input type=\"hidden\" name=\"_wpcf7_locale\" value=\"en_US\" \/>\n<input type=\"hidden\" name=\"_wpcf7_unit_tag\" value=\"wpcf7-f4840-o1\" \/>\n<input type=\"hidden\" name=\"_wpcf7_container_post\" value=\"0\" \/>\n<input type=\"hidden\" name=\"_wpcf7_posted_data_hash\" value=\"\" \/>\n<\/div>\n<p><label> Votre Nom (required)<br \/>\n<span class=\"wpcf7-form-control-wrap\" data-name=\"votre-nom\"><input size=\"40\" maxlength=\"400\" class=\"wpcf7-form-control wpcf7-text wpcf7-validates-as-required\" aria-required=\"true\" aria-invalid=\"false\" value=\"\" type=\"text\" name=\"votre-nom\" \/><\/span> <\/label>\n<\/p>\n<p><label> Votre mail (required)<br \/>\n<span class=\"wpcf7-form-control-wrap\" data-name=\"votre-mail\"><input size=\"40\" maxlength=\"400\" class=\"wpcf7-form-control wpcf7-email wpcf7-validates-as-required wpcf7-text wpcf7-validates-as-email\" aria-required=\"true\" aria-invalid=\"false\" value=\"\" type=\"email\" name=\"votre-mail\" \/><\/span> <\/label>\n<\/p>\n<p><label> Object<br \/>\n<span class=\"wpcf7-form-control-wrap\" data-name=\"votre-object\"><input size=\"40\" maxlength=\"400\" class=\"wpcf7-form-control wpcf7-text\" aria-invalid=\"false\" value=\"\" type=\"text\" name=\"votre-object\" \/><\/span> <\/label>\n<\/p>\n<p><label> Votre Message<br \/>\n<span class=\"wpcf7-form-control-wrap\" data-name=\"votre-message\"><textarea cols=\"40\" rows=\"10\" maxlength=\"2000\" class=\"wpcf7-form-control wpcf7-textarea\" aria-invalid=\"false\" name=\"votre-message\"><\/textarea><\/span> <\/label>\n<\/p>\n<p><input class=\"wpcf7-form-control wpcf7-submit has-spinner\" type=\"submit\" value=\"ENVOYER\" \/>\n<\/p><div class=\"wpcf7-response-output\" aria-hidden=\"true\"><\/div>\n<\/form>\n<\/div>\n[\/vc_column][\/vc_row]<\/p>\n<\/div>","protected":false},"excerpt":{"rendered":"<p>[vc_row css_animation=&#8221;&#8221; row_type=&#8221;row&#8221; use_row_as_full_screen_section=&#8221;no&#8221; type=&#8221;grid&#8221; angled_section=&#8221;no&#8221; text_align=&#8221;left&#8221; background_image_as_pattern=&#8221;without_pattern&#8221; el_id=&#8221;mesure&#8221; z_index=&#8221;&#8221; css=&#8221;.vc_custom_1708099177226{background-color: #ffffff !important;}&#8221;][vc_column width=&#8221;2\/5&#8243;][vc_empty_space][vc_column_text el_class=&#8221;mesure&#8221;] Salut!!!!! Vous souhaitez une pi\u00e8ce unique pour un \u00e9v\u00e9nement particulier ? Envie d&#8217;un v\u00eatement unique con\u00e7u exclusivement pour ? La Maison Christina Prieth propose \u00e9galement la cr\u00e9ation &#8220;S\u00fbr mesure&#8221; afin&#8230;<\/p>\n","protected":false},"author":1,"featured_media":0,"parent":0,"menu_order":4,"comment_status":"closed","ping_status":"closed","template":"full_width.php","meta":{"footnotes":""},"class_list":["post-4296","page","type-page","status-publish","hentry"],"_links":{"self":[{"href":"https:\/\/www.christinaprieth.com\/fr\/wp-json\/wp\/v2\/pages\/4296"}],"collection":[{"href":"https:\/\/www.christinaprieth.com\/fr\/wp-json\/wp\/v2\/pages"}],"about":[{"href":"https:\/\/www.christinaprieth.com\/fr\/wp-json\/wp\/v2\/types\/page"}],"author":[{"embeddable":true,"href":"https:\/\/www.christinaprieth.com\/fr\/wp-json\/wp\/v2\/users\/1"}],"replies":[{"embeddable":true,"href":"https:\/\/www.christinaprieth.com\/fr\/wp-json\/wp\/v2\/comments?post=4296"}],"version-history":[{"count":4,"href":"https:\/\/www.christinaprieth.com\/fr\/wp-json\/wp\/v2\/pages\/4296\/revisions"}],"predecessor-version":[{"id":5104,"href":"https:\/\/www.christinaprieth.com\/fr\/wp-json\/wp\/v2\/pages\/4296\/revisions\/5104"}],"wp:attachment":[{"href":"https:\/\/www.christinaprieth.com\/fr\/wp-json\/wp\/v2\/media?parent=4296"}],"curies":[{"name":"wp","href":"https:\/\/api.w.org\/{rel}","templated":true}]}}