{"id":4273,"date":"2021-02-01T12:30:21","date_gmt":"2021-02-01T11:30:21","guid":{"rendered":"https:\/\/www.christinaprieth.com\/lhistorie-christina-prieth\/"},"modified":"2024-02-16T15:03:21","modified_gmt":"2024-02-16T14:03:21","slug":"lhistorie-christina-prieth","status":"publish","type":"page","link":"https:\/\/www.christinaprieth.com\/fr\/lhistorie-christina-prieth\/","title":{"rendered":"L&#8217;HISTOIRE- CHRISTINA PRIETH"},"content":{"rendered":"<div class=\"wpb-content-wrapper\"><p>[vc_row css_animation=&#8221;&#8221; row_type=&#8221;row&#8221; use_row_as_full_screen_section=&#8221;no&#8221; type=&#8221;full_width&#8221; angled_section=&#8221;no&#8221; text_align=&#8221;left&#8221; background_image_as_pattern=&#8221;without_pattern&#8221; el_class=&#8221;hide-xs&#8221; z_index=&#8221;&#8221;][vc_column]<div class='qode_image_gallery_no_space light'><div class='qode_image_gallery_holder' style='height: 500px;'><ul  ><li  ><div style=\"height: 500px; width:618px;\"><img decoding=\"async\" itemprop=\"image\" src=\"https:\/\/www.christinaprieth.com\/wp-content\/uploads\/2024\/01\/portada_shop.jpg\" alt=\"\" \/><\/div><\/li><li  ><div style=\"height: 500px; width:751px;\"><img decoding=\"async\" itemprop=\"image\" src=\"https:\/\/www.christinaprieth.com\/wp-content\/uploads\/2024\/01\/MG_3038.jpg\" alt=\"\" \/><\/div><\/li><li  ><div style=\"height: 500px; width:334px;\"><img decoding=\"async\" itemprop=\"image\" src=\"https:\/\/www.christinaprieth.com\/wp-content\/uploads\/2024\/01\/CRIS56150-2-1.jpg\" alt=\"\" \/><\/div><\/li><li  ><div style=\"height: 500px; width:334px;\"><img decoding=\"async\" itemprop=\"image\" src=\"https:\/\/www.christinaprieth.com\/wp-content\/uploads\/2024\/01\/CRIS56303-1.jpg\" alt=\"\" \/><\/div><\/li><li  ><div style=\"height: 500px; width:334px;\"><img decoding=\"async\" itemprop=\"image\" src=\"https:\/\/www.christinaprieth.com\/wp-content\/uploads\/2024\/01\/CRIS56702-2-1.jpg\" alt=\"\" \/><\/div><\/li><li  ><div style=\"height: 500px; width:384px;\"><img decoding=\"async\" itemprop=\"image\" src=\"https:\/\/www.christinaprieth.com\/wp-content\/uploads\/2024\/01\/Capturadepantalla2021-02-01alas13.12.42-1.jpg\" alt=\"\" \/><\/div><\/li><\/ul><\/div><div class=\"controls\"><a class=\"prev-slide\" href=\"#\"><span><i class=\"fa fa-angle-left\"><\/i><\/span><\/a><a class=\"next-slide\" href=\"#\"><span><i class=\"fa fa-angle-right\"><\/i><\/span><\/a><\/div><\/div>[vc_empty_space height=&#8221;50px&#8221;][\/vc_column][\/vc_row][vc_row css_animation=&#8221;&#8221; row_type=&#8221;row&#8221; use_row_as_full_screen_section=&#8221;no&#8221; type=&#8221;full_width&#8221; angled_section=&#8221;no&#8221; text_align=&#8221;left&#8221; background_image_as_pattern=&#8221;without_pattern&#8221; el_class=&#8221;hide-md&#8221; z_index=&#8221;&#8221;][vc_column]<div class='qode_carousels_holder clearfix'><div class='qode_carousels' data-number-of-visible-items=''><ul class='slides'><li class='item'><div class=\"carousel_item_holder\"><span class='first_image_holder '><img decoding=\"async\" itemprop=\"image\" src=\"https:\/\/www.christinaprieth.com\/wp-content\/uploads\/2024\/01\/CRIS56425-2-1.jpg\" alt=\"carousel image\" \/><\/span><\/div><\/li><li class='item'><div class=\"carousel_item_holder\"><span class='first_image_holder '><img decoding=\"async\" itemprop=\"image\" src=\"https:\/\/www.christinaprieth.com\/wp-content\/uploads\/2024\/01\/CRIS56702-2-1.jpg\" alt=\"carousel image\" \/><\/span><\/div><\/li><li class='item'><div class=\"carousel_item_holder\"><span class='first_image_holder '><img decoding=\"async\" itemprop=\"image\" src=\"https:\/\/www.christinaprieth.com\/wp-content\/uploads\/2024\/01\/CRIS56150-2-1.jpg\" alt=\"carousel image\" \/><\/span><\/div><\/li><li class='item'><div class=\"carousel_item_holder\"><span class='first_image_holder '><img decoding=\"async\" itemprop=\"image\" src=\"https:\/\/www.christinaprieth.com\/wp-content\/uploads\/2024\/01\/MANHATTAN-DRESS-853X1280.jpg\" alt=\"carousel image\" \/><\/span><\/div><\/li><\/ul><\/div><\/div>[vc_empty_space height=&#8221;50px&#8221;][\/vc_column][\/vc_row][vc_row css_animation=&#8221;&#8221; row_type=&#8221;row&#8221; use_row_as_full_screen_section=&#8221;no&#8221; type=&#8221;grid&#8221; angled_section=&#8221;no&#8221; text_align=&#8221;left&#8221; background_image_as_pattern=&#8221;without_pattern&#8221; el_class=&#8221;info_bio&#8221; z_index=&#8221;&#8221;][vc_column width=&#8221;1\/5&#8243;][\/vc_column][vc_column width=&#8221;1\/5&#8243;][vc_column_text]<\/p>\n<h1 class=\"u-text-1\">LE<br \/>\nD\u00c9BUT<br \/>\nDANS LE<br \/>\nMONDE<br \/>\nDE LA<br \/>\nMODE<\/h1>\n<p>[\/vc_column_text][\/vc_column][vc_column width=&#8221;2\/5&#8243;][vc_column_text el_class=&#8221;bio&#8221;]<\/p>\n<p>\u00ab C\u2019est en observant ma m\u00e8re que j\u2019ai appris \u00e0 coudre \u00bb, raconte souvent Christina. \u00c9tant la dixi\u00e8me d\u2019une famille de onze fr\u00e8res et s\u0153urs, d\u00e8s son jeune \u00e2ge, elle retouchait les v\u00eatements us\u00e9s que s\u0153urs a\u00een\u00e9es ne souhaitaient plus. Cela lui permettait de faire des croquis pour pr\u00e9parer ses tenues de la semaine.<\/p>\n<p>Une fois ses \u00e9tudes secondaires termin\u00e9es, Christina d\u00e9cida de se consacrer au monde de la mode et \u00e9tudia le Mod\u00e9lisme Industriel \u00e0 Valladolid. Elle continua ses \u00e9tudes \u00e0 l\u2019Institut de Mode de Madrid (l\u2019IADE), pour y \u00e9tudier le Stylisme.<\/p>\n<p>[\/vc_column_text][\/vc_column][vc_column width=&#8221;1\/5&#8243;][\/vc_column][\/vc_row][vc_row css_animation=&#8221;&#8221; row_type=&#8221;row&#8221; use_row_as_full_screen_section=&#8221;no&#8221; type=&#8221;full_width&#8221; angled_section=&#8221;no&#8221; text_align=&#8221;left&#8221; background_image_as_pattern=&#8221;without_pattern&#8221;][vc_column][vc_empty_space height=&#8221;60px&#8221;][\/vc_column][\/vc_row][vc_row row_type=&#8221;parallax&#8221; parallax_content_width=&#8221;full_width&#8221; text_align=&#8221;center&#8221; full_screen_section_height=&#8221;no&#8221; background_image=&#8221;5015&#8243; section_height=&#8221;550&#8243;][vc_column][vc_empty_space][vc_column_text]<\/p>\n<p class=\"title\">BIO<\/p>\n<p class=\"u-text-2\">19\/83<\/p>\n<p>[\/vc_column_text][vc_empty_space][\/vc_column][\/vc_row][vc_row css_animation=&#8221;&#8221; row_type=&#8221;row&#8221; use_row_as_full_screen_section=&#8221;no&#8221; type=&#8221;full_width&#8221; angled_section=&#8221;no&#8221; text_align=&#8221;left&#8221; background_image_as_pattern=&#8221;without_pattern&#8221;][vc_column][vc_empty_space height=&#8221;60px&#8221;][\/vc_column][\/vc_row][vc_row css_animation=&#8221;&#8221; row_type=&#8221;row&#8221; use_row_as_full_screen_section=&#8221;no&#8221; type=&#8221;grid&#8221; angled_section=&#8221;no&#8221; text_align=&#8221;left&#8221; background_image_as_pattern=&#8221;without_pattern&#8221; el_class=&#8221;info_bio&#8221; z_index=&#8221;&#8221;][vc_column width=&#8221;1\/5&#8243;][\/vc_column][vc_column width=&#8221;1\/5&#8243;][vc_column_text]<\/p>\n<p class=\"u-text-1\">M\u00c9TIERS<br \/>\nD&#8217;ART<br \/>\nET SAVOIR FAIRE<\/p>\n<p>[\/vc_column_text][\/vc_column][vc_column width=&#8221;2\/5&#8243;][vc_column_text el_class=&#8221;bio&#8221;]En 2003, Christina pr\u00e9senta sa toute premi\u00e8re collection, \u00ab R\u00eave \u00bb, au concours des Jeunes Stylistes de Castille-et-Le\u00f3n. D\u00e8s lors, elle r\u00e9alisa de petites collections pour poursuivre son projet artistique, elle confectionna des coiffes sur mesure pour ses clientes et perfectionna son talent pour l\u2019illustration de mode, une de ses grandes passions. Christina officiait \u00e0 Madrid dans de nombreux projets en tant que Styliste et collaborait \u00e0 des s\u00e9ances photos pour des publications de mode. En 2009, elle commen\u00e7a \u00e0 \u00e9largir ses int\u00e9r\u00eats artistiques en faisant des tableaux et des sculptures par le m\u00e9lange de techniques vari\u00e9es. Ces cr\u00e9ations ont donn\u00e9 lieu \u00e0 des \u00e9v\u00e8nements et des expositions d\u2019artistes vari\u00e9s li\u00e9s au monde de la mode de Madrid.<\/p>\n<p>En 2012, elle a commenc\u00e9 un projet avec la c\u00e9l\u00e8bre cr\u00e9atrice espagnole Mar\u00eda Escot\u00e9 avec qui elle a travaill\u00e9 sur deux de ses collections les plus importantes pr\u00e9sent\u00e9es \u00e0 la Fashion Week de Madrid : Poisson et Private Dancer. Gr\u00e2ce \u00e0 elle, Christina a eu l&#8217;opportunit\u00e9 de travailler en \u00e9troite collaboration avec de grands stylistes, photographes, maquilleurs et acteurs espagnols et ce qui lui a donn\u00e9 un sens aigu des affaires dans la Mode[\/vc_column_text][\/vc_column][vc_column width=&#8221;1\/5&#8243;][\/vc_column][\/vc_row][vc_row css_animation=&#8221;&#8221; row_type=&#8221;row&#8221; use_row_as_full_screen_section=&#8221;no&#8221; type=&#8221;full_width&#8221; angled_section=&#8221;no&#8221; text_align=&#8221;left&#8221; background_image_as_pattern=&#8221;without_pattern&#8221;][vc_column][vc_empty_space height=&#8221;60px&#8221;][\/vc_column][\/vc_row][vc_row row_type=&#8221;parallax&#8221; parallax_content_width=&#8221;full_width&#8221; text_align=&#8221;center&#8221; full_screen_section_height=&#8221;yes&#8221; vertically_align_content_in_middle=&#8221;yes&#8221; background_image=&#8221;5026&#8243;][vc_column][vc_empty_space][vc_row_inner row_type=&#8221;row&#8221; type=&#8221;grid&#8221; text_align=&#8221;left&#8221; css_animation=&#8221;&#8221;][vc_column_inner width=&#8221;1\/5&#8243;][\/vc_column_inner][vc_column_inner width=&#8221;1\/5&#8243;][\/vc_column_inner][vc_column_inner el_class=&#8221;bg-white&#8221; width=&#8221;2\/5&#8243;][vc_column_text]<\/p>\n<p>En 2012, Christina collabora avec la c\u00e9l\u00e8bre styliste espagnole Mar\u00eda Escot\u00e9 dans deux de ses plus importantes collections pr\u00e9sent\u00e9es \u00e0 la Fashion Week de Madrid : \u00ab Poisson \u00bb et \u00ab Private Dancer \u00bb. Cette exp\u00e9rience lui permit de travailler aux c\u00f4t\u00e9s de grands stylistes, photographes, maquilleurs, acteurs et actrices espagnols, lui donnant par la m\u00eame occasion les bases pour monter une entreprise de mode.<\/p>\n<p>Toutefois, dans le but de r\u00e9aliser son r\u00eave, Christina s\u2019installa \u00e0 Paris en 2013 pour faire une ann\u00e9e de perfectionnement dans le Stylisme et le Mod\u00e9lisme \u00e0 l\u00b4\u00c9cole de la Chambre Syndicale de la Haute Couture. C\u2019est l\u00e0 qu\u2019elle r\u00e9alisa plusieurs projets cr\u00e9atifs et participa \u00e0 divers concours de mode : Kobe (Japon), Carapaces (compagnie des Enfants Terribles de Paris), Sixi\u00e8me \u00c9tage (prix du concours H&amp;M), Le Me Shine (concours Hy\u00e8res).<\/p>\n<p>[\/vc_column_text][vc_empty_space][vc_single_image image=&#8221;5020&#8243; img_size=&#8221;full&#8221; alignment=&#8221;center&#8221; qode_css_animation=&#8221;&#8221;][\/vc_column_inner][vc_column_inner width=&#8221;1\/5&#8243;][\/vc_column_inner][\/vc_row_inner][vc_empty_space height=&#8221;60px&#8221;][\/vc_column][\/vc_row][vc_row css_animation=&#8221;&#8221; row_type=&#8221;row&#8221; use_row_as_full_screen_section=&#8221;no&#8221; type=&#8221;full_width&#8221; angled_section=&#8221;no&#8221; text_align=&#8221;left&#8221; background_image_as_pattern=&#8221;without_pattern&#8221;][vc_column][vc_empty_space height=&#8221;60px&#8221;][\/vc_column][\/vc_row][vc_row css_animation=&#8221;&#8221; row_type=&#8221;row&#8221; use_row_as_full_screen_section=&#8221;no&#8221; type=&#8221;grid&#8221; angled_section=&#8221;no&#8221; text_align=&#8221;left&#8221; background_image_as_pattern=&#8221;without_pattern&#8221; el_class=&#8221;info_bio&#8221; z_index=&#8221;&#8221;][vc_column width=&#8221;1\/5&#8243;][\/vc_column][vc_column width=&#8221;1\/5&#8243;][vc_column_text]<\/p>\n<p class=\"u-text-1\">LE<br \/>\nNOUVEL<br \/>\nAVENIR<br \/>\nDU<br \/>\nMODEN<\/p>\n<p>[\/vc_column_text][\/vc_column][vc_column width=&#8221;2\/5&#8243;][vc_column_text el_class=&#8221;bio&#8221;]<\/p>\n<p>En 2014, elle travailla avec le cr\u00e9ateur de robes de mari\u00e9es Christophe-Alexandre Docquin qui lui transmit le savoir-faire fran\u00e7ais. Il s\u2019ensuivit une p\u00e9riode de travail dans les ateliers des plus grandes maisons de couture de Paris telles que Chanel, Givenchy, Louis Vuitton, Saint Laurent, etc. Christina collabora alors \u00e0 la cr\u00e9ation des plus belles pi\u00e8ces de haute couture et cela lui permit d\u2019aiguiser sa technique en couture, design textile et montage v\u00eatement.<\/p>\n<p>En 2016, Christina r\u00e9alisa un autre r\u00eave avec le projet Saint-Laurent by Heidi Slimane. Elle voyagea \u00e0 Los Angeles pour un grand \u00e9v\u00e8nement du monde de la mode, un des d\u00e9fil\u00e9s les plus importants de la maison de couture fran\u00e7aise intitul\u00e9 \u00ab Saint-Laurent at the Hollywood Palladium \u00bb. Cette exp\u00e9rience unique fut un moment d\u00e9cisif pour Christina qui d\u00e9cida de lancer sa propre marque, Christina Prieth. Son concept est bas\u00e9 sur des robes de styles intemporels pour les femmes qui se consid\u00e9rent comme : positives, s\u00fbres d\u2019elles-m\u00eames, qui savent ce qu\u2019elles veulent, f\u00e9minines et tr\u00e8s marrantes. Aujourd\u2019hui, Christina parvient \u00e0 concilier la cr\u00e9ation de sa marque, Christina Prieth, avec son travail pour de prestigieuses maisons de couture et avec l\u2019Art comme style de vie et d\u2019expression.<\/p>\n<p>[\/vc_column_text][\/vc_column][vc_column width=&#8221;1\/5&#8243;][\/vc_column][\/vc_row][vc_row css_animation=&#8221;&#8221; row_type=&#8221;row&#8221; use_row_as_full_screen_section=&#8221;no&#8221; type=&#8221;full_width&#8221; angled_section=&#8221;no&#8221; text_align=&#8221;left&#8221; background_image_as_pattern=&#8221;without_pattern&#8221;][vc_column][vc_empty_space height=&#8221;60px&#8221;][\/vc_column][\/vc_row][vc_row css_animation=&#8221;&#8221; row_type=&#8221;row&#8221; use_row_as_full_screen_section=&#8221;no&#8221; type=&#8221;full_width&#8221; angled_section=&#8221;no&#8221; text_align=&#8221;left&#8221; background_image_as_pattern=&#8221;without_pattern&#8221; z_index=&#8221;&#8221;][vc_column width=&#8221;1\/6&#8243;][\/vc_column][vc_column width=&#8221;2\/6&#8243;][vc_single_image image=&#8221;5035&#8243; img_size=&#8221;full&#8221; alignment=&#8221;center&#8221; qode_css_animation=&#8221;&#8221; qode_hover_animation=&#8221;darken&#8221; title=&#8221;Beauty&#8221;][\/vc_column][vc_column width=&#8221;2\/6&#8243;][vc_single_image image=&#8221;5033&#8243; img_size=&#8221;full&#8221; alignment=&#8221;center&#8221; qode_css_animation=&#8221;&#8221; qode_hover_animation=&#8221;darken&#8221; title=&#8221;Embroidery&#8221;][\/vc_column][vc_column width=&#8221;1\/6&#8243;][\/vc_column][\/vc_row]<\/p>\n<\/div>","protected":false},"excerpt":{"rendered":"<p>[vc_row css_animation=&#8221;&#8221; row_type=&#8221;row&#8221; use_row_as_full_screen_section=&#8221;no&#8221; type=&#8221;full_width&#8221; angled_section=&#8221;no&#8221; text_align=&#8221;left&#8221; background_image_as_pattern=&#8221;without_pattern&#8221; el_class=&#8221;hide-xs&#8221; z_index=&#8221;&#8221;][vc_column][vc_empty_space height=&#8221;50px&#8221;][\/vc_column][\/vc_row][vc_row css_animation=&#8221;&#8221; row_type=&#8221;row&#8221; use_row_as_full_screen_section=&#8221;no&#8221; type=&#8221;full_width&#8221; angled_section=&#8221;no&#8221; text_align=&#8221;left&#8221; background_image_as_pattern=&#8221;without_pattern&#8221; el_class=&#8221;hide-md&#8221; z_index=&#8221;&#8221;][vc_column][vc_empty_space height=&#8221;50px&#8221;][\/vc_column][\/vc_row][vc_row css_animation=&#8221;&#8221; row_type=&#8221;row&#8221; use_row_as_full_screen_section=&#8221;no&#8221; type=&#8221;grid&#8221; angled_section=&#8221;no&#8221; text_align=&#8221;left&#8221; background_image_as_pattern=&#8221;without_pattern&#8221; el_class=&#8221;info_bio&#8221; z_index=&#8221;&#8221;][vc_column width=&#8221;1\/5&#8243;][\/vc_column][vc_column width=&#8221;1\/5&#8243;][vc_column_text] LE D\u00c9BUT DANS LE MONDE DE LA MODE [\/vc_column_text][\/vc_column][vc_column width=&#8221;2\/5&#8243;][vc_column_text el_class=&#8221;bio&#8221;] \u00ab C\u2019est&#8230;<\/p>\n","protected":false},"author":1,"featured_media":0,"parent":0,"menu_order":2,"comment_status":"closed","ping_status":"closed","template":"full_width.php","meta":{"footnotes":""},"class_list":["post-4273","page","type-page","status-publish","hentry"],"_links":{"self":[{"href":"https:\/\/www.christinaprieth.com\/fr\/wp-json\/wp\/v2\/pages\/4273"}],"collection":[{"href":"https:\/\/www.christinaprieth.com\/fr\/wp-json\/wp\/v2\/pages"}],"about":[{"href":"https:\/\/www.christinaprieth.com\/fr\/wp-json\/wp\/v2\/types\/page"}],"author":[{"embeddable":true,"href":"https:\/\/www.christinaprieth.com\/fr\/wp-json\/wp\/v2\/users\/1"}],"replies":[{"embeddable":true,"href":"https:\/\/www.christinaprieth.com\/fr\/wp-json\/wp\/v2\/comments?post=4273"}],"version-history":[{"count":13,"href":"https:\/\/www.christinaprieth.com\/fr\/wp-json\/wp\/v2\/pages\/4273\/revisions"}],"predecessor-version":[{"id":5091,"href":"https:\/\/www.christinaprieth.com\/fr\/wp-json\/wp\/v2\/pages\/4273\/revisions\/5091"}],"wp:attachment":[{"href":"https:\/\/www.christinaprieth.com\/fr\/wp-json\/wp\/v2\/media?parent=4273"}],"curies":[{"name":"wp","href":"https:\/\/api.w.org\/{rel}","templated":true}]}}