{"id":4210,"date":"2022-01-14T12:55:08","date_gmt":"2022-01-14T11:55:08","guid":{"rendered":"https:\/\/www.christinaprieth.com\/?page_id=4210"},"modified":"2024-01-19T12:56:31","modified_gmt":"2024-01-19T11:56:31","slug":"politique-de-confidentialite-du-site","status":"publish","type":"page","link":"https:\/\/www.christinaprieth.com\/fr\/politique-de-confidentialite-du-site\/","title":{"rendered":"POLITIQUE DE CONFIDENTIALIT\u00c9 DU SITE"},"content":{"rendered":"<p><strong> ARTICLE 1:  PR\u00c9AMBULE<\/strong><\/p>\n<p>Cette Politique de confidentialit\u00e9 s\u2019applique  au site : www.christinaprieth.com<\/p>\n<p>La pr\u00e9sente politique de confidentialit\u00e9 a pour but  d\u2019exposer aux utilisateurs du site:<\/p>\n<p>La mani\u00e8re dont sont collect\u00e9es et trait\u00e9es leurs donn\u00e9es \u00e0 caract\u00e8re personnel.<br \/>\nDoivent \u00eatre consid\u00e9r\u00e9es comme donn\u00e9es personnelles toutes les donn\u00e9es \u00e9tant susceptibles d\u2019identifier un utilisateur.Il s\u2019agit notamment du pr\u00e9nom et du nom , de l&#8217;\u00e2ge, de l\u2019adresse postale,l&#8217;adresse mail, la localisation de l\u2019utilisateur ou encore son adresse IP<\/p>\n<p>Quels sont les droits des utilisateurs concernant ces donn\u00e9es<\/p>\n<p>Qui est responsable du traitement des donn\u00e9es \u00e0 caract\u00e8re personnel collect\u00e9es et trait\u00e9es;<\/p>\n<p>A qui ces donn\u00e9es sont transmises;<\/p>\n<p>\u00c9ventuellement, la politique du site en mati\u00e8re de fichiers \u201ccookies\u201d<\/p>\n<p>Cette politique de confidentialit\u00e9 compl\u00e8te les mentions l\u00e9gales et les Conditions G\u00e9n\u00e9rales d&#8217;Utilisation que les utilisateurs peuvent consulter \u00e0 l\u2019adresse ci-apr\u00e8s:<\/p>\n<p>www.christinaprieth.com<\/p>\n<p><strong>ARTICLE 2 : PRINCIPES G\u00c9N\u00c9RAUX EN MATI\u00c8RES  DE COLLECTE ET DE TRAITEMENT DE DONN\u00c9ES<\/strong><\/p>\n<p>Conform\u00e9ment aux dispositions l&#8217;article 5 du R\u00e8glement european 2016\/679, la collecte et le traitement des donn\u00e9es des utilisateurs du site respectent les principes suivants:<\/p>\n<ul>\n<li>Lic\u00e9it\u00e9,loyaut\u00e9 et transparence: les donn\u00e9es ne peuvent \u00eatre collect\u00e9es et trait\u00e9es  qu\u2019avec le consentement de l&#8217;utilisateur propri\u00e9taire des donn\u00e9es. A  chaque fois que des donn\u00e9es \u00e0 caract\u00e8re personnel seront collect\u00e9es, il sera indiqu\u00e9 \u00e0 l\u2019utilisateur que ses donn\u00e9es sont collect\u00e9es ,et pour quelles  raisons ses donn\u00e9es sont collect\u00e9es;<\/li>\n<li>Finalit\u00e9s limites: la collecte et le traitement des d<\/li>\n<p>onn\u00e9es sont ex\u00e9cut\u00e9s pour r\u00e9pondre \u00e0 un ou plusieurs objectifs d\u00e9termin\u00e9s dans les pr\u00e9sentes conditions g\u00e9n\u00e9rales d\u2019utilisation;<\/p>\n<li>Minimisation de la collecte  et du traite<\/li>\n<p>ment des donn\u00e9es: seules les donn\u00e9es n\u00e9cessaires \u00e0 la bonne ex\u00e9cution des objectifs poursuivis par le site sont collect\u00e9es;<\/p>\n<li>Conservation des donn\u00e9es r\u00e9duites dans les temps: les donn\u00e9es sont conserv\u00e9es pour une dur\u00e9e limit\u00e9e, dont l&#8217;utilisateur est inform\u00e9.Lorsque cette information ne peut pas \u00eatre communiqu\u00e9e, l\u2019utilisateur est inform\u00e9 des crit\u00e8res utilis\u00e9s pour d\u00e9terminer la dur\u00e9e de conservation;<\/li>\n<li> Int\u00e9grit\u00e9 et confidentialit\u00e9 des donn\u00e9es collect\u00e9es et trait\u00e9es : la responsable du traitement des donn\u00e9es s\u2019engage \u00e0 garantir l&#8217;int\u00e9grit\u00e9 et la confidentialit\u00e9 des donn\u00e9es collect\u00e9es.<\/li>\n<\/ul>\n<p>Afin d&#8217;\u00eatre licites, et ce conform\u00e9ment aux exigence de l\u2019article 6 du r\u00e8glement europ\u00e9en 2016\/679, la collecte et le traitement des donn\u00e9es \u00e0 caract\u00e8re personnel ne pourront intervenir que s&#8217;ils respectent au  moins l\u2019une des conditions ci-apr\u00e8s \u00e9num\u00e9r\u00e9es:<\/p>\n<p>-L\u2019utilisateur a express\u00e9ment consenti au traitement;<\/p>\n<p>-Le traitement est n\u00e9cessaire \u00e0 la bonne ex\u00e9cution d\u2019un contrat;<\/p>\n<p>-Le traitement r\u00e9pond \u00e0 une obligation l\u00e9gale;<\/p>\n<p>-Le traitement s\u2019explique par une n\u00e9cessit\u00e9 li\u00e9e \u00e0 la sauvegarde des int\u00e9r\u00eats vitaux de la personne concern\u00e9e ou d\u2019une autre personne physique;<\/p>\n<p>-Le traitement peut s\u2019expliquer par une n\u00e9cessit\u00e9 li\u00e9e \u00e0 l&#8217;ex\u00e9cution d&#8217; une mission d&#8217;int\u00e9r\u00eat public ou qui rel\u00e8ve de l&#8217;exercice de l&#8217;autorit\u00e9 publique;<\/p>\n<p>-Le traitement et la collecte des donn\u00e9es \u00e0 caract\u00e8re personnel sont n\u00e9cessaires aux fins des int\u00e9r\u00eats l\u00e9gitimes et priv\u00e9s poursuivis par la responsable du traitement ou par un tiers.<\/p>\n<p><strong>ARTICLE 3: DONN\u00c9ES \u00c0 CARACT\u00c8RE PERSONNEL COLLECT\u00c9ES ET TRAIT\u00c9ES DANS LES CADRE DE LA NAVIGATION SUR LE SITE<\/strong><\/p>\n<p>A.DONN\u00c9ES COLLECT\u00c9ES ET TRAIT\u00c9ES ET MODE DE COLLECTE<\/p>\n<p>Les donn\u00e9es \u00e0 caract\u00e8re personnel collect\u00e9es sur le site Christina Prieth sont les suivantes:<\/p>\n<p>\u00b0 Les Informations collect\u00e9es lors de la cr\u00e9ation de votre compte dans nos boutiques telles que votre nom, prenom,adress postale,e-mail, date de naissance,et num\u00e9ro de t\u00e9l\u00e9phone, vos preference de contact concernant l&#8217;abonnement \u00e0 notre newsletter;<br \/>\n\u00b0Les informations collect\u00e9es lors de la cr\u00e9ation de votre compte sur le site telles que votre nom,pr\u00e9nom,adresse e-mail,mot de passe,vos pr\u00e9f\u00e9rences de contact concernant l\u2019abonnement \u00e0 notre newsletter, votre num\u00e9ro de t\u00e9l\u00e9phone et date de naissance.<br \/>\n\u00b0Les informations n\u00e9cessaires \u00e0 la gestion et au suivi de vos commandes telles que vos donn\u00e9es de carte bancaire pour la r\u00e9alisation de la transaction, votre historique de commande ( par exemple montant d\u2019achat , r\u00e9f\u00e9rences des produits command\u00e9s), vos \u00e9changes \u00e9crits ou t\u00e9l\u00e9phonique  avec notre service client;<br \/>\n\u00b0 Les informations collect\u00e9es lors de votre navigation sur le site telles que l\u2019historique  de votre navigation ( par exemple la date, l\u2019heure de la connexion et\/ou navigation , les pages visit\u00e9es),le type de terminal et de navigateur,votre localisation, la langue du navigateur, le fournisseur d&#8217;acc\u00e8s, l\u2019adresse IP.<br \/>\nCes donn\u00e9es sont collect\u00e9es lorsque l\u2019utilisateur effectue l\u2019une des op\u00e9rations suivantes sur le site:<br \/>\nVos Donn\u00e9es Personnelles sont collect\u00e9es par exemple lorsque vous les renseignez dans les formulaires d\u00e9di\u00e9s sur le Site ou alors de la cr\u00e9ation de votre compte client en boutique, lorsque vous passez commande sur le Site,lors de vos \u00e9changes avec le service client et plus g\u00e9n\u00e9ralement lors de votre navigation sur notre Site.<\/p>\n<p>Par ailleurs, lors d\u2019un paiement sur le site, ils era conserve dans le syst\u00e8mes informatiques de l&#8217;\u00e9diteur du site une prevu de la transaction comprenant le bon de commande et la facture.Le responsable du traitement conservera dans ses syst\u00e8mes informatiques du site  et dans de conditions raisonnables de s\u00e9curit\u00e9 l\u2019ensemble des donn\u00e9es collect\u00e9es pour une dur\u00e9e de: Les donn\u00e9es utilis\u00e9es \u00e0 des fins de prospection seront supprim\u00e9s \u00e0 compter de la fermeture  de compte client.<\/p>\n<p>La collecte et le traitement des donn\u00e9es r\u00e9pondent aux finalit\u00e9s suivantes:<\/p>\n<p>-La pr\u00e9paration, l&#8217;exp\u00e9dition des commandes et le retour des produits<br \/>\n-l&#8217;am\u00e9lioration des contenus des sites<br \/>\n-les op\u00e9rations de maintenance et de d\u00e9veloppement techniques du site internet et des applications internes, y compris les entit\u00e9s qui ex\u00e9cutent les commandes et assurent l&#8217;h\u00e9bergement Web,le stockage d&#8217;information,les fournisseurs de services e-mail,ainsi que les services d\u2019analyse, de gestions des tags,comme Google Analytics.<\/p>\n<p>Certaines entit\u00e9s tierces sont directement destinataires des donn\u00e9es, comme par exemple nos prestataires de paiement  Stripe et Paypal, les autorit\u00e9s  dans le cadre des r\u00e9quisitions judiciaires, et les services des douanes.<\/p>\n<p>Les traitements de donn\u00e9es effectu\u00e9s sont fond\u00e9s sur les bases l\u00e9gales suivantes:<\/p>\n<p>Votre consentement;<br \/>\nL&#8217;ex\u00e9cution du contrat entre vous et le site;<br \/>\nLe respect de nos obligations l\u00e9gales;<br \/>\nPour prot\u00e9ger vos int\u00e9r\u00eats vitaux;<br \/>\nEx\u00e9cuter une t\u00e2che effectu\u00e9e dans l&#8217;int\u00e9r\u00eat public;<br \/>\nPour nos int\u00e9r\u00eats l\u00e9gitimes , qui ne pr\u00e9valent pas sur vos droits et libert\u00e9s fondamentaux.<\/p>\n<p><strong>B.TRANSMISSION DES DONN\u00c9ES \u00c0 DES TIERS<\/strong><br \/>\nLes donn\u00e9es \u00e0 caract\u00e8re personnel collect\u00e9es par le site ne sont transmises \u00e0 aucun tiers, et ne sont trait\u00e9es que par l&#8217;\u00e9diteur du site.<\/p>\n<p><strong>C. H\u00c9BERGEMENT DES DONN\u00c9ES<\/strong><\/p>\n<p>Le site Christina Prieth est h\u00e9berg\u00e9 par :<br \/>\nSARPANET, dont le si\u00e8ge est situ\u00e9 \u00e0 l\u2019adresse ci-apr\u00e8s:<br \/>\nCAlle Jose Maria Pereda,63 39300 Torrelavega (Cantabria) NIF:50955269b<br \/>\nL&#8217;h\u00e9bergeur peut \u00eatre contact\u00e9 au num\u00e9ro de t\u00e9l\u00e9phone suivant:+34656233626<br \/>\nMail:info@sarpanet.es<\/p>\n<p>Les donn\u00e9es collecte et trait\u00e9es par la site sont transf\u00e9r\u00e9s vers le(s) pays suivant(s): Espagne<\/p>\n<p><strong>ARTICLE 4: RESPONSABLE DU TRAITEMENT DES DONN\u00c9ES<\/strong><\/p>\n<p><strong>A.LE RESPONSABLE DU TRAITEMENT DES DONN\u00c9ES <\/strong><br \/>\nLe responsable du traitement des donnees \u00e0 caractere personnel est: Christina Garcia Prieto.Il peut etre contact\u00e9 de lamaniere suivante :<\/p>\n<p>Mail: info@christinaprieth.com<\/p>\n<p>La responsable du traitement s&#8217;engage \u00e0 prot\u00e9ger les donn\u00e9es \u00e0 caract\u00e8re personnel collect\u00e9es,\u00e0 ne pas les transmettre \u00e0 des tiers sans que l\u2019utilisateur n\u2019en ait \u00e9t\u00e9 inform\u00e9 et \u00e0 respecter les finalit\u00e9s pour lesquelles ces donn\u00e9es ont \u00e9t\u00e9 collect\u00e9es.<\/p>\n<p>Le site dispose d\u2019un certificat SSL afin de garantir que les informations et le transfert des donn\u00e9es transitant par le site sont s\u00e9curis\u00e9s.<\/p>\n<p>Un certificat SSL(\u201cSecure  socket layer\u201d certificate) a pour but de s\u00e9curiser les donn\u00e9es \u00e9chang\u00e9es entre l\u2019utilisateur et le site.<br \/>\nDe plus,le responsable du traitement des donn\u00e9es s\u2019engage \u00e0 notifier l\u2019utilisateur en cas de rectification ou de suppression des donn\u00e9es, \u00e0 moins que cela n&#8217;entra\u00eene pour lui des formalit\u00e9s, co\u00fbts et d\u00e9marches disproportionn\u00e9es.<\/p>\n<p>Dans les cas o\u00f9 l&#8217;int\u00e9grit\u00e9,la confidentialit\u00e9 ou la s\u00e9curit\u00e9 des donn\u00e9es \u00e0 caract\u00e8re personnel de l\u2019utilisateur est compromise, le responsable du traitement s\u2019engage \u00e0 informer l\u2019utilisateur par tout moyen.<\/p>\n<p><strong>ARTICLE 5: DROITS DE L\u2019UTILISATEUR<\/strong><\/p>\n<p>Conform\u00e9ment \u00e0 la r\u00e9glementation concernant le traitement des donn\u00e9es \u00e0 caract\u00e8re personnel,l\u2019utilisateur poss\u00e8de les droits ci-apr\u00e8s \u00e9num\u00e9r\u00e9s.<\/p>\n<p>Afin que le responsable du traitement des donn\u00e9es fasse droit \u00e0 sa demande,l\u2019utilisateur est tenu de lui communiquer: ses pr\u00e9nom et nom ainsi que son adresse mail, et si cela est pertinent, son num\u00e9ro de compte, d\u2019espace personnel ou abonn\u00e9.<br \/>\nLe responsable du traitement des donn\u00e9es est tenu de r\u00e9pondre \u00e0 l\u2019utilisateur dans un d\u00e9lai de 30 jours maximum.<\/p>\n<p><strong>A.PR\u00c9SENTATION DES DROITS DE L\u2019UTILISATEUR EN MATI\u00c8RE DE COLLECTE ET TRAITEMENT DES DONN\u00c9ES<\/strong><\/p>\n<p>Droit d&#8217;acc\u00e8s,de rectification et droit \u00e0 l\u2019effacement<br \/>\nL&#8217;utilisateur peut prendre connaissance, mettre \u00e0 jour, modifier ou demander  la suppression des donn\u00e9es le concernant, en respectant la proc\u00e9dure ci-apr\u00e8s \u00e9nonc\u00e9e:<br \/>\nPour exercer ces droits, un simple email \u00e0 info@christinaprieth.com suffit, et l\u2019equipe vous r\u00e9pondra dans les meilleurs d\u00e9lais.. Un justificatif d\u2019identit\u00e9 vous sera alors demand\u00e9.<br \/>\nS\u2019il en poss\u00e8de un, l\u2019utilisateur a le droit de demander la    suppression de son espace personnel en suivant la proc\u00e9dure suivante:<\/p>\n<p>Vous pouvez demander la suppression de vos donn\u00e9es personnelles en adressant un mail \u00e0 info@christinaprieth.com. Elles seront supprim\u00e9es uniquement si votre dossier commercial est cl\u00f4tur\u00e9 ( pas de livraison en cours, pas de dette,pas de litige,etc.).Si vous avez effectu\u00e9 un achat chez nous, vos donn\u00e9es de facturation seront conserv\u00e9es conform\u00e9ment aux exigences de comptabilit\u00e9 fran\u00e7aise. La r\u00e9clamation sera trait\u00e9e dans un d\u00e9lai ouvrable de 10 jours.<br \/>\nDroit \u00e0 la portabilit\u00e9 des donn\u00e9es<br \/>\nL\u2019utilisateur \u00e0 le droit de demander  la portabilit\u00e9 de ses donn\u00e9es personnelles, d\u00e9tenues par le site,vers un autre site,en se conformant \u00e0 la proc\u00e9dure ci-apr\u00e8s:<\/p>\n<p>Si vous le souhaitez, vous pouvez le demander  l&#8217;\u00e9quipe  de vous transmettre ou faire une portabilit\u00e9 de vos donn\u00e9es \u00e0 notre \u00e9quipe si vous nous envoyez un mail \u00e0 info@christinaprieth.com<\/p>\n<p>c.Droit \u00e0 la limitation et \u00e0 l\u2019opposition du traitement des donn\u00e9es<\/p>\n<p>L\u2019utilisateur a le droit de demander la limitation ou de s\u2019opposer au traitement des ses donn\u00e9es par le site,sans que le site ne puisse refuser , sauf \u00e0 d\u00e9montrer l\u2019existence de motifs l\u00e9gitimes et imp\u00e9rieux,pouvant pr\u00e9valoir sur les int\u00e9r\u00eats et les droits et libert\u00e9s de l&#8217;utilisateur.<\/p>\n<p>Afin de demander la limitation du traitement de ses donn\u00e9es ou de formuler une opposition au traitement de ses donn\u00e9es ,l\u2019utilisateur doit suivre la proc\u00e9dure suivante:<br \/>\nVous avez le droit de vous opposer au limiter le traitement de vous donnes juste avec un mail: info@christinaprieth.com<\/p>\n<p>d.Droit de ne pas faire l\u2019objet d\u2019une d\u00e9cision fond\u00e9e sur un proc\u00e9d\u00e9 automatis\u00e9<\/p>\n<p>Conform\u00e9ment aux dispositions du r\u00e8glement 2016\/679,l\u2019utilisateur a le droit de ne pas faire l\u2019objet d\u2019une d\u00e9cision fond\u00e9e exclusivement sur un proc\u00e9d\u00e9 automatis\u00e9 si la d\u00e9cision produit des effets juridiques le concernant,ou l\u2019affecte de mani\u00e8re significative de fa\u00e7on similaire.<\/p>\n<p>e.Droit de d\u00e9terminer le sort de donn\u00e9es apr\u00e8s la mort<\/p>\n<p>Il est rappel\u00e9 \u00e0 l\u2019utilisateur qu\u2019il peut organiser quel doit \u00eatre le devenir de ses donn\u00e9es collect\u00e9es et trait\u00e9es s\u2019il d\u00e9c\u00e8de,conform\u00e9ment \u00e0 la loi n\u00b02016-1321 du 7 octobre 2016.<\/p>\n<p>f.Droit de saisir l\u2019autorit\u00e9 de contr\u00f4le comp\u00e9tente<\/p>\n<p>Dans le cas ou le responsable du traitement des donn\u00e9es d\u00e9cid\u00e9 de ne pas r\u00e9pondre \u00e0 la demande de l\u2019utilisateur,et que l\u2019utilisateur souhaite contester cette d\u00e9cision,ou,s&#8217;il pense qu\u2019il est port\u00e9 atteinte \u00e0 l\u2019un des droits \u00e9num\u00e9r\u00e9s ci-dessus,il est en droit de saisir la CNIL (commission Nationale de l\u2019Informatique et des Libert\u00e9s, https:\/\/www.cnil.fr) ou tout juge comp\u00e9tent.<\/p>\n<p><strong>B. DONN\u00c9ES PERSONNELLES DES PERSONNES MINEURES<\/strong><\/p>\n<p>Conform\u00e9ment aux dispositions de l\u2019article 8 du r\u00e8glement europ\u00e9en 2016\/679 et \u00e0 la loi Informatique et Libert\u00e9s,seuls les mineurs \u00e2g\u00e9s de 15 ans ou plus peuvent consentir au traitement de leurs donn\u00e9es personnelles.<br \/>\nSi l\u2019utilisateur est un mineur de moins de 15 ans,L\u2019accord d\u2019un repr\u00e9sentant l\u00e9gal sera requis afin que des donn\u00e9es \u00e0 caract\u00e8re personnel puissent \u00eatre collect\u00e9es et trait\u00e9es.<\/p>\n<p>L&#8217;\u00e9diteur du site  de r\u00e9serve a le droit  de v\u00e9rifier par tout moyen que l&#8217;utilisateur est \u00e2g\u00e9 de plus de 15 ans,ou qu\u2019il aura obtenu l\u2019accord d&#8217; un repr\u00e9sentant l\u00e9gal avant de naviguer sur le site.<\/p>\n<p><strong>ARTICLE 6: UTILISATION DES FICHIERS \u201cCOOKIES\u201d<\/strong><\/p>\n<p>Le site a \u00e9ventuellement recours aux technique de \u201ccookie\u201d.<\/p>\n<p>Un \u201ccookie\u201d est un fichier de petite taille (moins de 4 ko),stock\u00e9 par le site sur le disque dur de l\u2019utilisateur,contenant des informations relatives aux habitudes de navigation de l\u2019utilisateur.<\/p>\n<p>Ces fichiers lui permettent de traiter des statistiques et des informations sur le trafic,de faciliter la navigation et d&#8217;am\u00e9liorer le service pour le confort de l\u2019utilisateur.<\/p>\n<p>Pour l\u2019utilisation de fichiers \u201ccookies\u201d impliquant la sauvegarde et analyse de donn\u00e9es \u00e0 caract\u00e8re personnel,le consentement de l\u2019utilisateur est n\u00e9cessairement demand\u00e9.<\/p>\n<p>Ce consentement de l\u2019utilisateur est consid\u00e9r\u00e9 comme valide pour une dur\u00e9e de 6 mois maximum.A l\u2019issue de cette p\u00e9riode,le site demandera \u00e0 nouveau l\u2019autorisation de l\u2019utilisateur pour enregistrer des fichiers \u201ccookies\u201dsur son disque dur.<\/p>\n<p>a.Opposition de l\u2019utilisateur \u00e0 l\u2019utilisation de fichiers \u201ccookies\u201dpar le site<br \/>\nLes cookies non essentiels au fonctionnement du site ne sont d\u00e9pos\u00e9s sur le terminal de l\u2019utilisateur qu&#8217;apr\u00e8s avoir obtenu son consentement .L\u2019utilisateur peut retirer son consentement \u00e0 tout moment,de la mani\u00e8re suivante:<\/p>\n<p>L\u2019utilisateur peut s&#8217;opposer \u00e0 l\u2019utilisation de ces cookies en param\u00e9trant son navigateur,sachant que l&#8217;acc\u00e8s \u00e0 certains services peut n\u00e9cessiter l\u2019acceptation pr\u00e9alable par l\u2019utilisateur des cookies.<\/p>\n<p>De mani\u00e8re plus g\u00e9n\u00e9rale,il est port\u00e9 \u00e0 la connaissance de l\u2019utilisateur qu\u2019il peut s&#8217;opposer \u00e0 l\u2019enregistrement de ces fichiers \u201ccookies\u201den configurant son logiciel de navigation.<\/p>\n<p>Pour information ,l\u2019utilisateur peut trouver aux adresses suivantes les d\u00e9marches \u00e0 suivre afin de configurer son logiciel de navigation pour s\u2019opposer \u00e0 l\u2019enregistrement des fichiers \u201ccookies\u201d:<\/p>\n<p>Chrome:<br \/>\nhttps:\/\/support.google.com\/accounts\/answer\/61416?hl=fr<\/p>\n<p>Firefox: https:\/\/support.mozilla.org\/fr\/kb\/enable-and-disable-cookies-website-preferences<\/p>\n<p>Safari:<br \/>\nhttp:\/\/www.apple.com\/legal\/privacy\/fr-ww\/<\/p>\n<p>Internet Explorer:<br \/>\nhttps:\/\/support.microsoft.com\/fr-fr\/help\/17442\/windows-internet-explorer-delete-manage-cookies<br \/>\nOpera: http:\/\/www.opera.com\/help\/tutorials\/security\/cookies\/<\/p>\n<p>Dans le cas o\u00f9 l&#8217;utilisateur d\u00e9cide de d\u00e9sactiver les fichiers \u201ccookies\u201d,il pourrait poursuivre sa navigation sur le site.Toutefois,tout dysfonctionnement du site provoqu\u00e9 par cette manipulation ne pourrait \u00eatre consid\u00e9r\u00e9 comme \u00e9tant du fait de l&#8217;\u00e9diteur du site.<\/p>\n<p>b.Description des fichiers &#8220;cookies&#8221;utilis\u00e9s par le site<br \/>\nL\u2019editeur du site attire l\u2019attention de l\u2019utilisateur sur le fait que les cookies suivants sont utilis\u00e9s lors de sa navigation:<\/p>\n<p><strong>ARTICLE 7: CONDITION DE MODIFICATION DE LA POLITIQUE DE CONFIDENTIALIT\u00c9<\/strong><\/p>\n<p>La pr\u00e9sente politique de confidentialit\u00e9 peut \u00eatre consult\u00e9e \u00e0 tout moment \u00e0 l\u2019adresse ci-apres indiqu\u00e9e:<br \/>\nwww.christinaprieth.com<\/p>\n<p>L&#8217;\u00e9diteur du site se r\u00e9serve le droit de la modifier afin de garantir sa conformit\u00e9 avec le droit en vigueur.<br \/>\nPar cons\u00e9quent,l&#8217;utilisateur est invit\u00e9 \u00e0 venir consulter r\u00e9guli\u00e8rement cette politique de confidentialit\u00e9 afin de se tenir inform\u00e9 des derniers changements qui lui seront apport\u00e9s.<\/p>\n<p>Il est port\u00e9 \u00e0 la connaissance de l\u2019utilisateur que la derni\u00e8re mise \u00e0 jour de la pr\u00e9sente politique de confidentialit\u00e9 est intervenue le: 8\/12\/2021<\/p>\n","protected":false},"excerpt":{"rendered":"<p>ARTICLE 1: PR\u00c9AMBULE Cette Politique de confidentialit\u00e9 s\u2019applique au site : www.christinaprieth.com La pr\u00e9sente politique de confidentialit\u00e9 a pour but d\u2019exposer aux utilisateurs du site: La mani\u00e8re dont sont collect\u00e9es et trait\u00e9es leurs donn\u00e9es \u00e0 caract\u00e8re personnel. Doivent \u00eatre consid\u00e9r\u00e9es comme donn\u00e9es personnelles toutes les&#8230;<\/p>\n","protected":false},"author":1,"featured_media":0,"parent":0,"menu_order":0,"comment_status":"closed","ping_status":"closed","template":"","meta":{"footnotes":""},"class_list":["post-4210","page","type-page","status-publish","hentry"],"_links":{"self":[{"href":"https:\/\/www.christinaprieth.com\/fr\/wp-json\/wp\/v2\/pages\/4210"}],"collection":[{"href":"https:\/\/www.christinaprieth.com\/fr\/wp-json\/wp\/v2\/pages"}],"about":[{"href":"https:\/\/www.christinaprieth.com\/fr\/wp-json\/wp\/v2\/types\/page"}],"author":[{"embeddable":true,"href":"https:\/\/www.christinaprieth.com\/fr\/wp-json\/wp\/v2\/users\/1"}],"replies":[{"embeddable":true,"href":"https:\/\/www.christinaprieth.com\/fr\/wp-json\/wp\/v2\/comments?post=4210"}],"version-history":[{"count":1,"href":"https:\/\/www.christinaprieth.com\/fr\/wp-json\/wp\/v2\/pages\/4210\/revisions"}],"predecessor-version":[{"id":4829,"href":"https:\/\/www.christinaprieth.com\/fr\/wp-json\/wp\/v2\/pages\/4210\/revisions\/4829"}],"wp:attachment":[{"href":"https:\/\/www.christinaprieth.com\/fr\/wp-json\/wp\/v2\/media?parent=4210"}],"curies":[{"name":"wp","href":"https:\/\/api.w.org\/{rel}","templated":true}]}}